{"id":50354,"date":"2024-09-09T08:01:56","date_gmt":"2024-09-09T08:01:56","guid":{"rendered":"https:\/\/www.multifrigo.pl\/sklep\/?post_type=product&#038;p=50354"},"modified":"2025-07-17T07:46:06","modified_gmt":"2025-07-17T07:46:06","slug":"plyta-indukcyjna-ith-50-230-bartscher-105995","status":"publish","type":"product","link":"https:\/\/www.multifrigo.pl\/sklep\/produkt\/plyta-indukcyjna-ith-50-230-bartscher-105995\/","title":{"rendered":"P\u0142yta indukcyjna ITH 50-230 | Bartscher 105995"},"content":{"rendered":"<p><b>P\u0142yta indukcyjna ITH 50-230<\/b><\/p>\n<p>1 pole grzewcze \u2013 5000 W<\/p>\n<p>P\u0142yta indukcyjna o du\u017cej mocy wyr\u00f3\u017cnia si\u0119 przede wszystkim nieskomplikowan\u0105 i intuicyjn\u0105 regulacj\u0105 mocy.<\/p><\/p>\n","protected":false},"excerpt":{"rendered":"<p>P\u0142yta indukcyjna ITH 50-230 1 pole grzewcze \u2013 5000 W P\u0142yta indukcyjna o du\u017cej mocy wyr\u00f3\u017cnia si\u0119 przede wszystkim nieskomplikowan\u0105 i intuicyjn\u0105 regulacj\u0105 mocy.<\/p>\n","protected":false},"featured_media":54779,"template":"","meta":{"_et_pb_use_builder":"","_et_pb_old_content":"","_et_gb_content_width":""},"pwb-brand":[1577],"product_brand":[],"product_cat":[2591],"product_tag":[],"class_list":{"0":"post-50354","1":"product","2":"type-product","3":"status-publish","4":"has-post-thumbnail","6":"pwb-brand-bartscher","7":"product_cat-kuchenki-indukcyjne-kuchenki-nastawne","9":"first","10":"instock","11":"taxable","12":"shipping-taxable","13":"purchasable","14":"product-type-simple"},"brands":[{"id":1577,"name":"Bartscher","slug":"bartscher"}],"_links":{"self":[{"href":"https:\/\/www.multifrigo.pl\/sklep\/wp-json\/wp\/v2\/product\/50354","targetHints":{"allow":["GET"]}}],"collection":[{"href":"https:\/\/www.multifrigo.pl\/sklep\/wp-json\/wp\/v2\/product"}],"about":[{"href":"https:\/\/www.multifrigo.pl\/sklep\/wp-json\/wp\/v2\/types\/product"}],"wp:featuredmedia":[{"embeddable":true,"href":"https:\/\/www.multifrigo.pl\/sklep\/wp-json\/wp\/v2\/media\/54779"}],"wp:attachment":[{"href":"https:\/\/www.multifrigo.pl\/sklep\/wp-json\/wp\/v2\/media?parent=50354"}],"wp:term":[{"taxonomy":"pwb-brand","embeddable":true,"href":"https:\/\/www.multifrigo.pl\/sklep\/wp-json\/wp\/v2\/pwb-brand?post=50354"},{"taxonomy":"product_brand","embeddable":true,"href":"https:\/\/www.multifrigo.pl\/sklep\/wp-json\/wp\/v2\/product_brand?post=50354"},{"taxonomy":"product_cat","embeddable":true,"href":"https:\/\/www.multifrigo.pl\/sklep\/wp-json\/wp\/v2\/product_cat?post=50354"},{"taxonomy":"product_tag","embeddable":true,"href":"https:\/\/www.multifrigo.pl\/sklep\/wp-json\/wp\/v2\/product_tag?post=50354"}],"curies":[{"name":"wp","href":"https:\/\/api.w.org\/{rel}","templated":true}]}}