{"id":50382,"date":"2024-09-09T08:04:02","date_gmt":"2024-09-09T08:04:02","guid":{"rendered":"https:\/\/www.multifrigo.pl\/sklep\/produkt\/plyta-grzewcza-wp230s-eb-1-1-bartscher-114371\/"},"modified":"2025-07-17T08:33:13","modified_gmt":"2025-07-17T08:33:13","slug":"plyta-grzewcza-wp230s-eb-1-1-bartscher-114371","status":"publish","type":"product","link":"https:\/\/www.multifrigo.pl\/sklep\/produkt\/plyta-grzewcza-wp230s-eb-1-1-bartscher-114371\/","title":{"rendered":"P\u0142yta grzewcza WP230S-EB 1\/1 | Bartscher 114371"},"content":{"rendered":"<p><b>P\u0142yta grzewcza WP230S-EB 1\/1<\/b><\/p>\n<p>Jako urz\u0105dzenie nablatowe lub do zabudowy: p\u0142yta grzewcza, r\u00f3wnie\u017c dzi\u0119ki eleganckiemu designowi w kolorze bieli, \u015bwietnie nadaje si\u0119 do bufet\u00f3w, wydawania potraw oraz przyrz\u0105dzania da\u0144 na oczach go\u015bci. Mo\u017cliwo\u015b\u0107 3-stopniowej regulacji temperatury zapewnia \u0142atwy w obs\u0142udze panel dotykowy.<\/p><\/p>\n","protected":false},"excerpt":{"rendered":"<p>P\u0142yta grzewcza WP230S-EB 1\/1 Jako urz\u0105dzenie nablatowe lub do zabudowy: p\u0142yta grzewcza, r\u00f3wnie\u017c dzi\u0119ki eleganckiemu designowi w kolorze bieli, \u015bwietnie nadaje si\u0119 do bufet\u00f3w, wydawania potraw oraz przyrz\u0105dzania da\u0144 na oczach go\u015bci. Mo\u017cliwo\u015b\u0107 3-stopniowej regulacji temperatury zapewnia \u0142atwy w obs\u0142udze panel dotykowy.<\/p>\n","protected":false},"featured_media":54742,"template":"","meta":{"_et_pb_use_builder":"","_et_pb_old_content":"","_et_gb_content_width":""},"pwb-brand":[1577],"product_brand":[],"product_cat":[3401],"product_tag":[],"class_list":{"0":"post-50382","1":"product","2":"type-product","3":"status-publish","4":"has-post-thumbnail","6":"pwb-brand-bartscher","7":"product_cat-tace-i-plyty-grzewcze","9":"first","10":"instock","11":"taxable","12":"shipping-taxable","13":"purchasable","14":"product-type-simple"},"brands":[{"id":1577,"name":"Bartscher","slug":"bartscher"}],"_links":{"self":[{"href":"https:\/\/www.multifrigo.pl\/sklep\/wp-json\/wp\/v2\/product\/50382","targetHints":{"allow":["GET"]}}],"collection":[{"href":"https:\/\/www.multifrigo.pl\/sklep\/wp-json\/wp\/v2\/product"}],"about":[{"href":"https:\/\/www.multifrigo.pl\/sklep\/wp-json\/wp\/v2\/types\/product"}],"wp:featuredmedia":[{"embeddable":true,"href":"https:\/\/www.multifrigo.pl\/sklep\/wp-json\/wp\/v2\/media\/54742"}],"wp:attachment":[{"href":"https:\/\/www.multifrigo.pl\/sklep\/wp-json\/wp\/v2\/media?parent=50382"}],"wp:term":[{"taxonomy":"pwb-brand","embeddable":true,"href":"https:\/\/www.multifrigo.pl\/sklep\/wp-json\/wp\/v2\/pwb-brand?post=50382"},{"taxonomy":"product_brand","embeddable":true,"href":"https:\/\/www.multifrigo.pl\/sklep\/wp-json\/wp\/v2\/product_brand?post=50382"},{"taxonomy":"product_cat","embeddable":true,"href":"https:\/\/www.multifrigo.pl\/sklep\/wp-json\/wp\/v2\/product_cat?post=50382"},{"taxonomy":"product_tag","embeddable":true,"href":"https:\/\/www.multifrigo.pl\/sklep\/wp-json\/wp\/v2\/product_tag?post=50382"}],"curies":[{"name":"wp","href":"https:\/\/api.w.org\/{rel}","templated":true}]}}