{"id":50395,"date":"2024-09-09T08:05:02","date_gmt":"2024-09-09T08:05:02","guid":{"rendered":"https:\/\/www.multifrigo.pl\/sklep\/produkt\/podgrzewacz-t12-bartscher-a120814\/"},"modified":"2025-07-17T09:57:59","modified_gmt":"2025-07-17T09:57:59","slug":"podgrzewacz-t12-bartscher-a120814","status":"publish","type":"product","link":"https:\/\/www.multifrigo.pl\/sklep\/produkt\/podgrzewacz-t12-bartscher-a120814\/","title":{"rendered":"Podgrzewacz T12 | Bartscher A120814"},"content":{"rendered":"<p><b>Podgrzewacz T12<\/b><\/p>\n<p>Podgrzewacz talerzy \u2013 dzi\u0119ki specjalnemu kszta\u0142towi \u2013 zajmuje bardzo niewiele miejsca i jest w stanie podgrza\u0107 nawet dwana\u015bcie talerzy do temperatury ok. 65\u00b0C. Je\u017celi podgrzewacz nie jest u\u017cywany, mo\u017cna go przechowywa\u0107 w spos\u00f3b higieniczny i bezpieczny dzi\u0119ki do\u0142\u0105czonej pokrywie.<\/p><\/p>\n","protected":false},"excerpt":{"rendered":"<p>Podgrzewacz T12 Podgrzewacz talerzy \u2013 dzi\u0119ki specjalnemu kszta\u0142towi \u2013 zajmuje bardzo niewiele miejsca i jest w stanie podgrza\u0107 nawet dwana\u015bcie talerzy do temperatury ok. 65\u00b0C. Je\u017celi podgrzewacz nie jest u\u017cywany, mo\u017cna go przechowywa\u0107 w spos\u00f3b higieniczny i bezpieczny dzi\u0119ki do\u0142\u0105czonej pokrywie.<\/p>\n","protected":false},"featured_media":54806,"template":"","meta":{"_et_pb_use_builder":"","_et_pb_old_content":"","_et_gb_content_width":""},"pwb-brand":[1577],"product_brand":[],"product_cat":[292],"product_tag":[],"class_list":{"0":"post-50395","1":"product","2":"type-product","3":"status-publish","4":"has-post-thumbnail","6":"pwb-brand-bartscher","7":"product_cat-podgrzewacze-bufetowe","9":"first","10":"instock","11":"taxable","12":"shipping-taxable","13":"purchasable","14":"product-type-simple"},"brands":[{"id":1577,"name":"Bartscher","slug":"bartscher"}],"_links":{"self":[{"href":"https:\/\/www.multifrigo.pl\/sklep\/wp-json\/wp\/v2\/product\/50395","targetHints":{"allow":["GET"]}}],"collection":[{"href":"https:\/\/www.multifrigo.pl\/sklep\/wp-json\/wp\/v2\/product"}],"about":[{"href":"https:\/\/www.multifrigo.pl\/sklep\/wp-json\/wp\/v2\/types\/product"}],"wp:featuredmedia":[{"embeddable":true,"href":"https:\/\/www.multifrigo.pl\/sklep\/wp-json\/wp\/v2\/media\/54806"}],"wp:attachment":[{"href":"https:\/\/www.multifrigo.pl\/sklep\/wp-json\/wp\/v2\/media?parent=50395"}],"wp:term":[{"taxonomy":"pwb-brand","embeddable":true,"href":"https:\/\/www.multifrigo.pl\/sklep\/wp-json\/wp\/v2\/pwb-brand?post=50395"},{"taxonomy":"product_brand","embeddable":true,"href":"https:\/\/www.multifrigo.pl\/sklep\/wp-json\/wp\/v2\/product_brand?post=50395"},{"taxonomy":"product_cat","embeddable":true,"href":"https:\/\/www.multifrigo.pl\/sklep\/wp-json\/wp\/v2\/product_cat?post=50395"},{"taxonomy":"product_tag","embeddable":true,"href":"https:\/\/www.multifrigo.pl\/sklep\/wp-json\/wp\/v2\/product_tag?post=50395"}],"curies":[{"name":"wp","href":"https:\/\/api.w.org\/{rel}","templated":true}]}}