{"id":50506,"date":"2024-09-09T08:11:56","date_gmt":"2024-09-09T08:11:56","guid":{"rendered":"https:\/\/www.multifrigo.pl\/sklep\/produkt\/pojemnik-termoizolacyjne-do-transportu-20l-plus-bartscher-100085\/"},"modified":"2025-07-17T07:41:58","modified_gmt":"2025-07-17T07:41:58","slug":"pojemnik-termoizolacyjne-do-transportu-20l-plus-bartscher-100085","status":"publish","type":"product","link":"https:\/\/www.multifrigo.pl\/sklep\/produkt\/pojemnik-termoizolacyjne-do-transportu-20l-plus-bartscher-100085\/","title":{"rendered":"Pojemnik termoizolacyjne do transportu 20L Plus | Bartscher 100085"},"content":{"rendered":"<p><b>Pojemnik termoizolacyjne do transportu 20L Plus<\/b><\/p>\n<p>Bezpieczny i bezproblemowy transport zimnych lub gor\u0105cych p\u0142yn\u00f3w.<\/p><\/p>\n","protected":false},"excerpt":{"rendered":"<p>Pojemnik termoizolacyjne do transportu 20L Plus Bezpieczny i bezproblemowy transport zimnych lub gor\u0105cych p\u0142yn\u00f3w.<\/p>\n","protected":false},"featured_media":55095,"template":"","meta":{"_et_pb_use_builder":"","_et_pb_old_content":"","_et_gb_content_width":""},"pwb-brand":[1577],"product_brand":[],"product_cat":[86],"product_tag":[],"class_list":{"0":"post-50506","1":"product","2":"type-product","3":"status-publish","4":"has-post-thumbnail","6":"pwb-brand-bartscher","7":"product_cat-pojemniki-termoizolacyjne-pojemniki-termoizolacyjne","9":"first","10":"instock","11":"taxable","12":"shipping-taxable","13":"purchasable","14":"product-type-simple"},"brands":[{"id":1577,"name":"Bartscher","slug":"bartscher"}],"_links":{"self":[{"href":"https:\/\/www.multifrigo.pl\/sklep\/wp-json\/wp\/v2\/product\/50506","targetHints":{"allow":["GET"]}}],"collection":[{"href":"https:\/\/www.multifrigo.pl\/sklep\/wp-json\/wp\/v2\/product"}],"about":[{"href":"https:\/\/www.multifrigo.pl\/sklep\/wp-json\/wp\/v2\/types\/product"}],"wp:featuredmedia":[{"embeddable":true,"href":"https:\/\/www.multifrigo.pl\/sklep\/wp-json\/wp\/v2\/media\/55095"}],"wp:attachment":[{"href":"https:\/\/www.multifrigo.pl\/sklep\/wp-json\/wp\/v2\/media?parent=50506"}],"wp:term":[{"taxonomy":"pwb-brand","embeddable":true,"href":"https:\/\/www.multifrigo.pl\/sklep\/wp-json\/wp\/v2\/pwb-brand?post=50506"},{"taxonomy":"product_brand","embeddable":true,"href":"https:\/\/www.multifrigo.pl\/sklep\/wp-json\/wp\/v2\/product_brand?post=50506"},{"taxonomy":"product_cat","embeddable":true,"href":"https:\/\/www.multifrigo.pl\/sklep\/wp-json\/wp\/v2\/product_cat?post=50506"},{"taxonomy":"product_tag","embeddable":true,"href":"https:\/\/www.multifrigo.pl\/sklep\/wp-json\/wp\/v2\/product_tag?post=50506"}],"curies":[{"name":"wp","href":"https:\/\/api.w.org\/{rel}","templated":true}]}}