{"id":50510,"date":"2024-09-09T08:12:13","date_gmt":"2024-09-09T08:12:13","guid":{"rendered":"https:\/\/www.multifrigo.pl\/sklep\/produkt\/pokrywa-1-1gn-z-otworem-na-lyzke-bartscher-a120616\/"},"modified":"2025-07-17T09:56:51","modified_gmt":"2025-07-17T09:56:51","slug":"pokrywa-1-1gn-z-otworem-na-lyzke-bartscher-a120616","status":"publish","type":"product","link":"https:\/\/www.multifrigo.pl\/sklep\/produkt\/pokrywa-1-1gn-z-otworem-na-lyzke-bartscher-a120616\/","title":{"rendered":"Pokrywa 1\/1GN, z otworem na \u0142y\u017ck\u0119 | Bartscher A120616"},"content":{"rendered":"<p><b>Pokrywa 1\/1GN, z otworem na \u0142y\u017ck\u0119<\/b><\/p>\n","protected":false},"excerpt":{"rendered":"<p>Pokrywa 1\/1GN, z otworem na \u0142y\u017ck\u0119<\/p>\n","protected":false},"featured_media":55120,"template":"","meta":{"_et_pb_use_builder":"","_et_pb_old_content":"","_et_gb_content_width":""},"pwb-brand":[1577],"product_brand":[],"product_cat":[137],"product_tag":[],"class_list":{"0":"post-50510","1":"product","2":"type-product","3":"status-publish","4":"has-post-thumbnail","6":"pwb-brand-bartscher","7":"product_cat-pokrywy-gn-ze-stali-nierdzewnej","9":"first","10":"instock","11":"taxable","12":"shipping-taxable","13":"purchasable","14":"product-type-simple"},"brands":[{"id":1577,"name":"Bartscher","slug":"bartscher"}],"_links":{"self":[{"href":"https:\/\/www.multifrigo.pl\/sklep\/wp-json\/wp\/v2\/product\/50510","targetHints":{"allow":["GET"]}}],"collection":[{"href":"https:\/\/www.multifrigo.pl\/sklep\/wp-json\/wp\/v2\/product"}],"about":[{"href":"https:\/\/www.multifrigo.pl\/sklep\/wp-json\/wp\/v2\/types\/product"}],"wp:featuredmedia":[{"embeddable":true,"href":"https:\/\/www.multifrigo.pl\/sklep\/wp-json\/wp\/v2\/media\/55120"}],"wp:attachment":[{"href":"https:\/\/www.multifrigo.pl\/sklep\/wp-json\/wp\/v2\/media?parent=50510"}],"wp:term":[{"taxonomy":"pwb-brand","embeddable":true,"href":"https:\/\/www.multifrigo.pl\/sklep\/wp-json\/wp\/v2\/pwb-brand?post=50510"},{"taxonomy":"product_brand","embeddable":true,"href":"https:\/\/www.multifrigo.pl\/sklep\/wp-json\/wp\/v2\/product_brand?post=50510"},{"taxonomy":"product_cat","embeddable":true,"href":"https:\/\/www.multifrigo.pl\/sklep\/wp-json\/wp\/v2\/product_cat?post=50510"},{"taxonomy":"product_tag","embeddable":true,"href":"https:\/\/www.multifrigo.pl\/sklep\/wp-json\/wp\/v2\/product_tag?post=50510"}],"curies":[{"name":"wp","href":"https:\/\/api.w.org\/{rel}","templated":true}]}}