{"id":50542,"date":"2024-09-09T08:14:14","date_gmt":"2024-09-09T08:14:14","guid":{"rendered":"https:\/\/www.multifrigo.pl\/sklep\/produkt\/rekawice-do-grilla-425-bartscher-a500514\/"},"modified":"2025-07-17T10:06:09","modified_gmt":"2025-07-17T10:06:09","slug":"rekawice-do-grilla-425-bartscher-a500514","status":"publish","type":"product","link":"https:\/\/www.multifrigo.pl\/sklep\/produkt\/rekawice-do-grilla-425-bartscher-a500514\/","title":{"rendered":"R\u0119kawice do grilla 425 | Bartscher A500514"},"content":{"rendered":"<p><b>R\u0119kawice do grilla 425<\/b><\/p>\n<p>Teraz mo\u017ce by\u0107 naprawd\u0119 gor\u0105co: wysokiej jako\u015bci r\u0119kawice do grillowania s\u0105 odporne na temperatur\u0119 do 500\u00b0C. Materia\u0142 wykonania oraz w\u0142a\u015bciwo\u015bci r\u0119kawic zapewniaj\u0105 ponadto wyj\u0105tkowo wysoki poziom bezpiecze\u0144stwa podczas codziennego u\u017cytkowania w kuchni, np. dzi\u0119ki wysokiej wytrzyma\u0142o\u015bci na przeci\u0119cie i bardzo kr\u00f3tkiemu czasowi \u017carzenia. Wyj\u0105tkowy komfort noszenia i bezpieczny chwyt oraz wysoki poziom sprawno\u015bci poruszania palcami optymalizuj\u0105 prac\u0119.<\/p><\/p>\n","protected":false},"excerpt":{"rendered":"<p>R\u0119kawice do grilla 425 Teraz mo\u017ce by\u0107 naprawd\u0119 gor\u0105co: wysokiej jako\u015bci r\u0119kawice do grillowania s\u0105 odporne na temperatur\u0119 do 500\u00b0C. Materia\u0142 wykonania oraz w\u0142a\u015bciwo\u015bci r\u0119kawic zapewniaj\u0105 ponadto wyj\u0105tkowo wysoki poziom bezpiecze\u0144stwa podczas codziennego u\u017cytkowania w kuchni, np. dzi\u0119ki wysokiej wytrzyma\u0142o\u015bci na przeci\u0119cie i bardzo kr\u00f3tkiemu czasowi \u017carzenia. Wyj\u0105tkowy komfort noszenia i bezpieczny chwyt oraz wysoki [&hellip;]<\/p>\n","protected":false},"featured_media":55200,"template":"","meta":{"_et_pb_use_builder":"","_et_pb_old_content":"","_et_gb_content_width":""},"pwb-brand":[1577],"product_brand":[],"product_cat":[344],"product_tag":[],"class_list":{"0":"post-50542","1":"product","2":"type-product","3":"status-publish","4":"has-post-thumbnail","6":"pwb-brand-bartscher","7":"product_cat-rekawice-ochronne","9":"first","10":"instock","11":"taxable","12":"shipping-taxable","13":"purchasable","14":"product-type-simple"},"brands":[{"id":1577,"name":"Bartscher","slug":"bartscher"}],"_links":{"self":[{"href":"https:\/\/www.multifrigo.pl\/sklep\/wp-json\/wp\/v2\/product\/50542","targetHints":{"allow":["GET"]}}],"collection":[{"href":"https:\/\/www.multifrigo.pl\/sklep\/wp-json\/wp\/v2\/product"}],"about":[{"href":"https:\/\/www.multifrigo.pl\/sklep\/wp-json\/wp\/v2\/types\/product"}],"wp:featuredmedia":[{"embeddable":true,"href":"https:\/\/www.multifrigo.pl\/sklep\/wp-json\/wp\/v2\/media\/55200"}],"wp:attachment":[{"href":"https:\/\/www.multifrigo.pl\/sklep\/wp-json\/wp\/v2\/media?parent=50542"}],"wp:term":[{"taxonomy":"pwb-brand","embeddable":true,"href":"https:\/\/www.multifrigo.pl\/sklep\/wp-json\/wp\/v2\/pwb-brand?post=50542"},{"taxonomy":"product_brand","embeddable":true,"href":"https:\/\/www.multifrigo.pl\/sklep\/wp-json\/wp\/v2\/product_brand?post=50542"},{"taxonomy":"product_cat","embeddable":true,"href":"https:\/\/www.multifrigo.pl\/sklep\/wp-json\/wp\/v2\/product_cat?post=50542"},{"taxonomy":"product_tag","embeddable":true,"href":"https:\/\/www.multifrigo.pl\/sklep\/wp-json\/wp\/v2\/product_tag?post=50542"}],"curies":[{"name":"wp","href":"https:\/\/api.w.org\/{rel}","templated":true}]}}