{"id":50543,"date":"2024-09-09T08:14:17","date_gmt":"2024-09-09T08:14:17","guid":{"rendered":"https:\/\/www.multifrigo.pl\/sklep\/produkt\/rekawice-kuchenne-300-bartscher-a500510\/"},"modified":"2025-07-17T10:05:59","modified_gmt":"2025-07-17T10:05:59","slug":"rekawice-kuchenne-300-bartscher-a500510","status":"publish","type":"product","link":"https:\/\/www.multifrigo.pl\/sklep\/produkt\/rekawice-kuchenne-300-bartscher-a500510\/","title":{"rendered":"R\u0119kawice kuchenne 300 | Bartscher A500510"},"content":{"rendered":"<p><b>R\u0119kawice kuchenne 300<\/b><\/p>\n<p>Para bawe\u0142nianych r\u0119kawic kuchennych \u2013 dzi\u0119ki zintegrowanej ochronie przed p\u0142omieniami \u2013 charakteryzuje si\u0119 niezwyk\u0142\u0105 odporno\u015bci\u0105 na wysok\u0105 temperatur\u0119. Praktyczna zawieszka oznacza \u0142ad i porz\u0105dek w miejscu pracy.<\/p><\/p>\n","protected":false},"excerpt":{"rendered":"<p>R\u0119kawice kuchenne 300 Para bawe\u0142nianych r\u0119kawic kuchennych \u2013 dzi\u0119ki zintegrowanej ochronie przed p\u0142omieniami \u2013 charakteryzuje si\u0119 niezwyk\u0142\u0105 odporno\u015bci\u0105 na wysok\u0105 temperatur\u0119. Praktyczna zawieszka oznacza \u0142ad i porz\u0105dek w miejscu pracy.<\/p>\n","protected":false},"featured_media":55206,"template":"","meta":{"_et_pb_use_builder":"","_et_pb_old_content":"","_et_gb_content_width":""},"pwb-brand":[1577],"product_brand":[],"product_cat":[344],"product_tag":[],"class_list":{"0":"post-50543","1":"product","2":"type-product","3":"status-publish","4":"has-post-thumbnail","6":"pwb-brand-bartscher","7":"product_cat-rekawice-ochronne","9":"first","10":"instock","11":"taxable","12":"shipping-taxable","13":"purchasable","14":"product-type-simple"},"brands":[{"id":1577,"name":"Bartscher","slug":"bartscher"}],"_links":{"self":[{"href":"https:\/\/www.multifrigo.pl\/sklep\/wp-json\/wp\/v2\/product\/50543","targetHints":{"allow":["GET"]}}],"collection":[{"href":"https:\/\/www.multifrigo.pl\/sklep\/wp-json\/wp\/v2\/product"}],"about":[{"href":"https:\/\/www.multifrigo.pl\/sklep\/wp-json\/wp\/v2\/types\/product"}],"wp:featuredmedia":[{"embeddable":true,"href":"https:\/\/www.multifrigo.pl\/sklep\/wp-json\/wp\/v2\/media\/55206"}],"wp:attachment":[{"href":"https:\/\/www.multifrigo.pl\/sklep\/wp-json\/wp\/v2\/media?parent=50543"}],"wp:term":[{"taxonomy":"pwb-brand","embeddable":true,"href":"https:\/\/www.multifrigo.pl\/sklep\/wp-json\/wp\/v2\/pwb-brand?post=50543"},{"taxonomy":"product_brand","embeddable":true,"href":"https:\/\/www.multifrigo.pl\/sklep\/wp-json\/wp\/v2\/product_brand?post=50543"},{"taxonomy":"product_cat","embeddable":true,"href":"https:\/\/www.multifrigo.pl\/sklep\/wp-json\/wp\/v2\/product_cat?post=50543"},{"taxonomy":"product_tag","embeddable":true,"href":"https:\/\/www.multifrigo.pl\/sklep\/wp-json\/wp\/v2\/product_tag?post=50543"}],"curies":[{"name":"wp","href":"https:\/\/api.w.org\/{rel}","templated":true}]}}