{"id":50552,"date":"2024-09-09T08:14:53","date_gmt":"2024-09-09T08:14:53","guid":{"rendered":"https:\/\/www.multifrigo.pl\/sklep\/produkt\/rozen-do-kurczakow-p6-bartscher-215035\/"},"modified":"2025-07-17T08:54:05","modified_gmt":"2025-07-17T08:54:05","slug":"rozen-do-kurczakow-p6-bartscher-215035","status":"publish","type":"product","link":"https:\/\/www.multifrigo.pl\/sklep\/produkt\/rozen-do-kurczakow-p6-bartscher-215035\/","title":{"rendered":"Ro\u017cen do kurczak\u00f3w P6 | Bartscher 215035"},"content":{"rendered":"<p><b>Ro\u017cen do kurczak\u00f3w P6<\/b><\/p>\n","protected":false},"excerpt":{"rendered":"<p>Ro\u017cen do kurczak\u00f3w P6<\/p>\n","protected":false},"featured_media":55223,"template":"","meta":{"_et_pb_use_builder":"","_et_pb_old_content":"","_et_gb_content_width":""},"pwb-brand":[1577],"product_brand":[],"product_cat":[482],"product_tag":[],"class_list":{"0":"post-50552","1":"product","2":"type-product","3":"status-publish","4":"has-post-thumbnail","6":"pwb-brand-bartscher","7":"product_cat-rozna","9":"first","10":"instock","11":"taxable","12":"shipping-taxable","13":"purchasable","14":"product-type-simple"},"brands":[{"id":1577,"name":"Bartscher","slug":"bartscher"}],"_links":{"self":[{"href":"https:\/\/www.multifrigo.pl\/sklep\/wp-json\/wp\/v2\/product\/50552","targetHints":{"allow":["GET"]}}],"collection":[{"href":"https:\/\/www.multifrigo.pl\/sklep\/wp-json\/wp\/v2\/product"}],"about":[{"href":"https:\/\/www.multifrigo.pl\/sklep\/wp-json\/wp\/v2\/types\/product"}],"wp:featuredmedia":[{"embeddable":true,"href":"https:\/\/www.multifrigo.pl\/sklep\/wp-json\/wp\/v2\/media\/55223"}],"wp:attachment":[{"href":"https:\/\/www.multifrigo.pl\/sklep\/wp-json\/wp\/v2\/media?parent=50552"}],"wp:term":[{"taxonomy":"pwb-brand","embeddable":true,"href":"https:\/\/www.multifrigo.pl\/sklep\/wp-json\/wp\/v2\/pwb-brand?post=50552"},{"taxonomy":"product_brand","embeddable":true,"href":"https:\/\/www.multifrigo.pl\/sklep\/wp-json\/wp\/v2\/product_brand?post=50552"},{"taxonomy":"product_cat","embeddable":true,"href":"https:\/\/www.multifrigo.pl\/sklep\/wp-json\/wp\/v2\/product_cat?post=50552"},{"taxonomy":"product_tag","embeddable":true,"href":"https:\/\/www.multifrigo.pl\/sklep\/wp-json\/wp\/v2\/product_tag?post=50552"}],"curies":[{"name":"wp","href":"https:\/\/api.w.org\/{rel}","templated":true}]}}