{"id":50561,"date":"2024-09-09T08:15:19","date_gmt":"2024-09-09T08:15:19","guid":{"rendered":"https:\/\/www.multifrigo.pl\/sklep\/produkt\/salamander-400-1z-p-bartscher-100534\/"},"modified":"2025-07-17T07:42:59","modified_gmt":"2025-07-17T07:42:59","slug":"salamander-400-1z-p-bartscher-100534","status":"publish","type":"product","link":"https:\/\/www.multifrigo.pl\/sklep\/produkt\/salamander-400-1z-p-bartscher-100534\/","title":{"rendered":"Salamander 400-1Z-P | Bartscher 100534"},"content":{"rendered":"<p><b>Salamander 400-1Z-P<\/b><\/p>\n<p>Zapiekanie i utrzymanie w ciep\u0142a w samym centrum kulinarnych wydarze\u0144 zapewni p\u0142ynny przebieg pracy. W przypadku umieszczenia na stole roboczym, oba d\u0142ugie i otwarte boki salamandra zapewniaj\u0105 praktyczn\u0105 obs\u0142ug\u0119 z obu stron w obr\u0119bie kuchni lub w strefie serwisowej.<\/p><\/p>\n","protected":false},"excerpt":{"rendered":"<p>Salamander 400-1Z-P Zapiekanie i utrzymanie w ciep\u0142a w samym centrum kulinarnych wydarze\u0144 zapewni p\u0142ynny przebieg pracy. W przypadku umieszczenia na stole roboczym, oba d\u0142ugie i otwarte boki salamandra zapewniaj\u0105 praktyczn\u0105 obs\u0142ug\u0119 z obu stron w obr\u0119bie kuchni lub w strefie serwisowej.<\/p>\n","protected":false},"featured_media":55233,"template":"","meta":{"_et_pb_use_builder":"","_et_pb_old_content":"","_et_gb_content_width":""},"pwb-brand":[1577],"product_brand":[],"product_cat":[468],"product_tag":[],"class_list":{"0":"post-50561","1":"product","2":"type-product","3":"status-publish","4":"has-post-thumbnail","6":"pwb-brand-bartscher","7":"product_cat-salamandry","9":"first","10":"instock","11":"taxable","12":"shipping-taxable","13":"purchasable","14":"product-type-simple"},"brands":[{"id":1577,"name":"Bartscher","slug":"bartscher"}],"_links":{"self":[{"href":"https:\/\/www.multifrigo.pl\/sklep\/wp-json\/wp\/v2\/product\/50561","targetHints":{"allow":["GET"]}}],"collection":[{"href":"https:\/\/www.multifrigo.pl\/sklep\/wp-json\/wp\/v2\/product"}],"about":[{"href":"https:\/\/www.multifrigo.pl\/sklep\/wp-json\/wp\/v2\/types\/product"}],"wp:featuredmedia":[{"embeddable":true,"href":"https:\/\/www.multifrigo.pl\/sklep\/wp-json\/wp\/v2\/media\/55233"}],"wp:attachment":[{"href":"https:\/\/www.multifrigo.pl\/sklep\/wp-json\/wp\/v2\/media?parent=50561"}],"wp:term":[{"taxonomy":"pwb-brand","embeddable":true,"href":"https:\/\/www.multifrigo.pl\/sklep\/wp-json\/wp\/v2\/pwb-brand?post=50561"},{"taxonomy":"product_brand","embeddable":true,"href":"https:\/\/www.multifrigo.pl\/sklep\/wp-json\/wp\/v2\/product_brand?post=50561"},{"taxonomy":"product_cat","embeddable":true,"href":"https:\/\/www.multifrigo.pl\/sklep\/wp-json\/wp\/v2\/product_cat?post=50561"},{"taxonomy":"product_tag","embeddable":true,"href":"https:\/\/www.multifrigo.pl\/sklep\/wp-json\/wp\/v2\/product_tag?post=50561"}],"curies":[{"name":"wp","href":"https:\/\/api.w.org\/{rel}","templated":true}]}}