{"id":50583,"date":"2024-09-09T08:16:38","date_gmt":"2024-09-09T08:16:38","guid":{"rendered":"https:\/\/www.multifrigo.pl\/sklep\/produkt\/samowar-15l-bartscher-191005\/"},"modified":"2025-07-17T08:49:25","modified_gmt":"2025-07-17T08:49:25","slug":"samowar-15l-bartscher-191005","status":"publish","type":"product","link":"https:\/\/www.multifrigo.pl\/sklep\/produkt\/samowar-15l-bartscher-191005\/","title":{"rendered":"Samowar 15L | Bartscher 191005"},"content":{"rendered":"<p><b>Samowar 15L<\/b><\/p>\n<p>Tym co szczeg\u00f3lnie wyr\u00f3\u017cnia samowar, jest jego du\u017ca pojemno\u015b\u0107 (15 litr\u00f3w), wysoka wydajno\u015b\u0107 energetyczna i klasyczny design z ozdobnymi, ceramicznymi uchwytami. Urz\u0105dzenie zapewnia mo\u017cliwo\u015b\u0107 zaparzenia nawet do 2 litr\u00f3w herbaty w dzbanku z filtrem siatkowym.<\/p><\/p>\n","protected":false},"excerpt":{"rendered":"<p>Samowar 15L Tym co szczeg\u00f3lnie wyr\u00f3\u017cnia samowar, jest jego du\u017ca pojemno\u015b\u0107 (15 litr\u00f3w), wysoka wydajno\u015b\u0107 energetyczna i klasyczny design z ozdobnymi, ceramicznymi uchwytami. Urz\u0105dzenie zapewnia mo\u017cliwo\u015b\u0107 zaparzenia nawet do 2 litr\u00f3w herbaty w dzbanku z filtrem siatkowym.<\/p>\n","protected":false},"featured_media":55318,"template":"","meta":{"_et_pb_use_builder":"","_et_pb_old_content":"","_et_gb_content_width":""},"pwb-brand":[1577],"product_brand":[],"product_cat":[234],"product_tag":[],"class_list":{"0":"post-50583","1":"product","2":"type-product","3":"status-publish","4":"has-post-thumbnail","6":"pwb-brand-bartscher","7":"product_cat-warniki","9":"first","10":"instock","11":"taxable","12":"shipping-taxable","13":"purchasable","14":"product-type-simple"},"brands":[{"id":1577,"name":"Bartscher","slug":"bartscher"}],"_links":{"self":[{"href":"https:\/\/www.multifrigo.pl\/sklep\/wp-json\/wp\/v2\/product\/50583","targetHints":{"allow":["GET"]}}],"collection":[{"href":"https:\/\/www.multifrigo.pl\/sklep\/wp-json\/wp\/v2\/product"}],"about":[{"href":"https:\/\/www.multifrigo.pl\/sklep\/wp-json\/wp\/v2\/types\/product"}],"wp:featuredmedia":[{"embeddable":true,"href":"https:\/\/www.multifrigo.pl\/sklep\/wp-json\/wp\/v2\/media\/55318"}],"wp:attachment":[{"href":"https:\/\/www.multifrigo.pl\/sklep\/wp-json\/wp\/v2\/media?parent=50583"}],"wp:term":[{"taxonomy":"pwb-brand","embeddable":true,"href":"https:\/\/www.multifrigo.pl\/sklep\/wp-json\/wp\/v2\/pwb-brand?post=50583"},{"taxonomy":"product_brand","embeddable":true,"href":"https:\/\/www.multifrigo.pl\/sklep\/wp-json\/wp\/v2\/product_brand?post=50583"},{"taxonomy":"product_cat","embeddable":true,"href":"https:\/\/www.multifrigo.pl\/sklep\/wp-json\/wp\/v2\/product_cat?post=50583"},{"taxonomy":"product_tag","embeddable":true,"href":"https:\/\/www.multifrigo.pl\/sklep\/wp-json\/wp\/v2\/product_tag?post=50583"}],"curies":[{"name":"wp","href":"https:\/\/api.w.org\/{rel}","templated":true}]}}