{"id":50587,"date":"2024-09-09T08:17:09","date_gmt":"2024-09-09T08:17:09","guid":{"rendered":"https:\/\/www.multifrigo.pl\/sklep\/produkt\/stol-chlodniczy-do-pizzy-900t2-bartscher-200358\/"},"modified":"2025-07-17T08:53:36","modified_gmt":"2025-07-17T08:53:36","slug":"stol-chlodniczy-do-pizzy-900t2-bartscher-200358","status":"publish","type":"product","link":"https:\/\/www.multifrigo.pl\/sklep\/produkt\/stol-chlodniczy-do-pizzy-900t2-bartscher-200358\/","title":{"rendered":"St\u00f3\u0142 ch\u0142odniczy do pizzy 900T2 | Bartscher 200358"},"content":{"rendered":"<p><b>St\u00f3\u0142 ch\u0142odniczy do pizzy 900T2<\/b><\/p>\n","protected":false},"excerpt":{"rendered":"<p>St\u00f3\u0142 ch\u0142odniczy do pizzy 900T2<\/p>\n","protected":false},"featured_media":55348,"template":"","meta":{"_et_pb_use_builder":"","_et_pb_old_content":"","_et_gb_content_width":""},"pwb-brand":[1577],"product_brand":[],"product_cat":[525],"product_tag":[],"class_list":{"0":"post-50587","1":"product","2":"type-product","3":"status-publish","4":"has-post-thumbnail","6":"pwb-brand-bartscher","7":"product_cat-stoly-chlodnicze-do-pizzy","9":"first","10":"instock","11":"taxable","12":"shipping-taxable","13":"purchasable","14":"product-type-simple"},"brands":[{"id":1577,"name":"Bartscher","slug":"bartscher"}],"_links":{"self":[{"href":"https:\/\/www.multifrigo.pl\/sklep\/wp-json\/wp\/v2\/product\/50587","targetHints":{"allow":["GET"]}}],"collection":[{"href":"https:\/\/www.multifrigo.pl\/sklep\/wp-json\/wp\/v2\/product"}],"about":[{"href":"https:\/\/www.multifrigo.pl\/sklep\/wp-json\/wp\/v2\/types\/product"}],"wp:featuredmedia":[{"embeddable":true,"href":"https:\/\/www.multifrigo.pl\/sklep\/wp-json\/wp\/v2\/media\/55348"}],"wp:attachment":[{"href":"https:\/\/www.multifrigo.pl\/sklep\/wp-json\/wp\/v2\/media?parent=50587"}],"wp:term":[{"taxonomy":"pwb-brand","embeddable":true,"href":"https:\/\/www.multifrigo.pl\/sklep\/wp-json\/wp\/v2\/pwb-brand?post=50587"},{"taxonomy":"product_brand","embeddable":true,"href":"https:\/\/www.multifrigo.pl\/sklep\/wp-json\/wp\/v2\/product_brand?post=50587"},{"taxonomy":"product_cat","embeddable":true,"href":"https:\/\/www.multifrigo.pl\/sklep\/wp-json\/wp\/v2\/product_cat?post=50587"},{"taxonomy":"product_tag","embeddable":true,"href":"https:\/\/www.multifrigo.pl\/sklep\/wp-json\/wp\/v2\/product_tag?post=50587"}],"curies":[{"name":"wp","href":"https:\/\/api.w.org\/{rel}","templated":true}]}}