{"id":50588,"date":"2024-09-09T08:17:14","date_gmt":"2024-09-09T08:17:14","guid":{"rendered":"https:\/\/www.multifrigo.pl\/sklep\/produkt\/stol-chlodniczy-do-pizzy-g-s7t2-bartscher-200297\/"},"modified":"2025-07-17T08:53:16","modified_gmt":"2025-07-17T08:53:16","slug":"stol-chlodniczy-do-pizzy-g-s7t2-bartscher-200297","status":"publish","type":"product","link":"https:\/\/www.multifrigo.pl\/sklep\/produkt\/stol-chlodniczy-do-pizzy-g-s7t2-bartscher-200297\/","title":{"rendered":"St\u00f3\u0142 ch\u0142odniczy do pizzy G-S7T2 | Bartscher 200297"},"content":{"rendered":"<p><b>St\u00f3\u0142 ch\u0142odniczy do pizzy G-S7T2<\/b><\/p>\n<p>St\u00f3\u0142 ch\u0142odniczy do pizzy G-S7T2, wyposa\u017cony w 7 szuflad na zamro\u017cone ciasto oraz obszern\u0105 p\u0142yt\u0119 robocz\u0105 z granitu, jest perfekcyjnym punktem centralnym ka\u017cdej pizzerii. Sk\u0142adniki przechowywane w ch\u0142odzonej, 2-drzwiowej szafie s\u0105 zawsze \u015bwie\u017ce i szybko dost\u0119pne.<\/p><\/p>\n","protected":false},"excerpt":{"rendered":"<p>St\u00f3\u0142 ch\u0142odniczy do pizzy G-S7T2 St\u00f3\u0142 ch\u0142odniczy do pizzy G-S7T2, wyposa\u017cony w 7 szuflad na zamro\u017cone ciasto oraz obszern\u0105 p\u0142yt\u0119 robocz\u0105 z granitu, jest perfekcyjnym punktem centralnym ka\u017cdej pizzerii. Sk\u0142adniki przechowywane w ch\u0142odzonej, 2-drzwiowej szafie s\u0105 zawsze \u015bwie\u017ce i szybko dost\u0119pne.<\/p>\n","protected":false},"featured_media":55356,"template":"","meta":{"_et_pb_use_builder":"","_et_pb_old_content":"","_et_gb_content_width":""},"pwb-brand":[1577],"product_brand":[],"product_cat":[525],"product_tag":[],"class_list":{"0":"post-50588","1":"product","2":"type-product","3":"status-publish","4":"has-post-thumbnail","6":"pwb-brand-bartscher","7":"product_cat-stoly-chlodnicze-do-pizzy","9":"first","10":"instock","11":"taxable","12":"shipping-taxable","13":"purchasable","14":"product-type-simple"},"brands":[{"id":1577,"name":"Bartscher","slug":"bartscher"}],"_links":{"self":[{"href":"https:\/\/www.multifrigo.pl\/sklep\/wp-json\/wp\/v2\/product\/50588","targetHints":{"allow":["GET"]}}],"collection":[{"href":"https:\/\/www.multifrigo.pl\/sklep\/wp-json\/wp\/v2\/product"}],"about":[{"href":"https:\/\/www.multifrigo.pl\/sklep\/wp-json\/wp\/v2\/types\/product"}],"wp:featuredmedia":[{"embeddable":true,"href":"https:\/\/www.multifrigo.pl\/sklep\/wp-json\/wp\/v2\/media\/55356"}],"wp:attachment":[{"href":"https:\/\/www.multifrigo.pl\/sklep\/wp-json\/wp\/v2\/media?parent=50588"}],"wp:term":[{"taxonomy":"pwb-brand","embeddable":true,"href":"https:\/\/www.multifrigo.pl\/sklep\/wp-json\/wp\/v2\/pwb-brand?post=50588"},{"taxonomy":"product_brand","embeddable":true,"href":"https:\/\/www.multifrigo.pl\/sklep\/wp-json\/wp\/v2\/product_brand?post=50588"},{"taxonomy":"product_cat","embeddable":true,"href":"https:\/\/www.multifrigo.pl\/sklep\/wp-json\/wp\/v2\/product_cat?post=50588"},{"taxonomy":"product_tag","embeddable":true,"href":"https:\/\/www.multifrigo.pl\/sklep\/wp-json\/wp\/v2\/product_tag?post=50588"}],"curies":[{"name":"wp","href":"https:\/\/api.w.org\/{rel}","templated":true}]}}