{"id":50589,"date":"2024-09-09T08:17:18","date_gmt":"2024-09-09T08:17:18","guid":{"rendered":"https:\/\/www.multifrigo.pl\/sklep\/produkt\/stol-chlodniczy-mini-900s4-bartscher-200282\/"},"modified":"2025-07-17T08:53:09","modified_gmt":"2025-07-17T08:53:09","slug":"stol-chlodniczy-mini-900s4-bartscher-200282","status":"publish","type":"product","link":"https:\/\/www.multifrigo.pl\/sklep\/produkt\/stol-chlodniczy-mini-900s4-bartscher-200282\/","title":{"rendered":"St\u00f3\u0142 ch\u0142odniczy Mini 900S4 | Bartscher 200282"},"content":{"rendered":"<p><b>St\u00f3\u0142 ch\u0142odniczy Mini 900S4<\/b><\/p>\n<p>Cztery ch\u0142odzone szuflady sto\u0142u ch\u0142odniczego Mini mo\u017cna wykorzysta\u0107 jako miejsce do przechowywania produkt\u00f3w zar\u00f3wno z jak i bez pojemnik\u00f3w 1\/1 GN w maks. formacie. Przystosowany do mycia w zmywarce filtr ze stali szlachetnej oraz zapewniaj\u0105ca dobry dost\u0119p jednostka techniczna umo\u017cliwiaj\u0105 \u0142atw\u0105 i regularn\u0105 konserwacj\u0119, zwi\u0119kszaj\u0105c tym samym trwa\u0142o\u015b\u0107 sto\u0142u.<\/p><\/p>\n","protected":false},"excerpt":{"rendered":"<p>St\u00f3\u0142 ch\u0142odniczy Mini 900S4 Cztery ch\u0142odzone szuflady sto\u0142u ch\u0142odniczego Mini mo\u017cna wykorzysta\u0107 jako miejsce do przechowywania produkt\u00f3w zar\u00f3wno z jak i bez pojemnik\u00f3w 1\/1 GN w maks. formacie. Przystosowany do mycia w zmywarce filtr ze stali szlachetnej oraz zapewniaj\u0105ca dobry dost\u0119p jednostka techniczna umo\u017cliwiaj\u0105 \u0142atw\u0105 i regularn\u0105 konserwacj\u0119, zwi\u0119kszaj\u0105c tym samym trwa\u0142o\u015b\u0107 sto\u0142u.<\/p>\n","protected":false},"featured_media":55364,"template":"","meta":{"_et_pb_use_builder":"","_et_pb_old_content":"","_et_gb_content_width":""},"pwb-brand":[1577],"product_brand":[],"product_cat":[523],"product_tag":[],"class_list":{"0":"post-50589","1":"product","2":"type-product","3":"status-publish","4":"has-post-thumbnail","6":"pwb-brand-bartscher","7":"product_cat-stoly-chlodnicze","9":"first","10":"instock","11":"taxable","12":"shipping-taxable","13":"purchasable","14":"product-type-simple"},"brands":[{"id":1577,"name":"Bartscher","slug":"bartscher"}],"_links":{"self":[{"href":"https:\/\/www.multifrigo.pl\/sklep\/wp-json\/wp\/v2\/product\/50589","targetHints":{"allow":["GET"]}}],"collection":[{"href":"https:\/\/www.multifrigo.pl\/sklep\/wp-json\/wp\/v2\/product"}],"about":[{"href":"https:\/\/www.multifrigo.pl\/sklep\/wp-json\/wp\/v2\/types\/product"}],"wp:featuredmedia":[{"embeddable":true,"href":"https:\/\/www.multifrigo.pl\/sklep\/wp-json\/wp\/v2\/media\/55364"}],"wp:attachment":[{"href":"https:\/\/www.multifrigo.pl\/sklep\/wp-json\/wp\/v2\/media?parent=50589"}],"wp:term":[{"taxonomy":"pwb-brand","embeddable":true,"href":"https:\/\/www.multifrigo.pl\/sklep\/wp-json\/wp\/v2\/pwb-brand?post=50589"},{"taxonomy":"product_brand","embeddable":true,"href":"https:\/\/www.multifrigo.pl\/sklep\/wp-json\/wp\/v2\/product_brand?post=50589"},{"taxonomy":"product_cat","embeddable":true,"href":"https:\/\/www.multifrigo.pl\/sklep\/wp-json\/wp\/v2\/product_cat?post=50589"},{"taxonomy":"product_tag","embeddable":true,"href":"https:\/\/www.multifrigo.pl\/sklep\/wp-json\/wp\/v2\/product_tag?post=50589"}],"curies":[{"name":"wp","href":"https:\/\/api.w.org\/{rel}","templated":true}]}}