{"id":50613,"date":"2024-09-09T08:18:46","date_gmt":"2024-09-09T08:18:46","guid":{"rendered":"https:\/\/www.multifrigo.pl\/sklep\/produkt\/stol-chlodniczy-s4t1-150-bartscher-110886\/"},"modified":"2025-07-17T08:31:23","modified_gmt":"2025-07-17T08:31:23","slug":"stol-chlodniczy-s4t1-150-bartscher-110886","status":"publish","type":"product","link":"https:\/\/www.multifrigo.pl\/sklep\/produkt\/stol-chlodniczy-s4t1-150-bartscher-110886\/","title":{"rendered":"St\u00f3\u0142 ch\u0142odniczy S4T1-150 | Bartscher 110886"},"content":{"rendered":"<p><b>St\u00f3\u0142 ch\u0142odniczy S4T1-150<\/b><\/p>\n<p>1 urz\u0105dzenie \u2013 podw\u00f3jna korzy\u015b\u0107: ch\u0142odzenie powietrzem obiegowym zapewnia sta\u0142\u0105 i r\u00f3wnomiern\u0105 temperatur\u0119 ch\u0142odzenia wewn\u0105trz sto\u0142u ch\u0142odniczego z 1 drzwiami i 4 szufladami. Dzi\u0119ki wysokiej jako\u015bci i solidnej powierzchni ze stali szlachetnej urz\u0105dzenie pozwala si\u0119 perfekcyjnie zintegrowa\u0107 w ka\u017cdej kuchni, dodatkowo s\u0142u\u017c\u0105c jako powierzchnia robocza.<\/p><\/p>\n","protected":false},"excerpt":{"rendered":"<p>St\u00f3\u0142 ch\u0142odniczy S4T1-150 1 urz\u0105dzenie \u2013 podw\u00f3jna korzy\u015b\u0107: ch\u0142odzenie powietrzem obiegowym zapewnia sta\u0142\u0105 i r\u00f3wnomiern\u0105 temperatur\u0119 ch\u0142odzenia wewn\u0105trz sto\u0142u ch\u0142odniczego z 1 drzwiami i 4 szufladami. Dzi\u0119ki wysokiej jako\u015bci i solidnej powierzchni ze stali szlachetnej urz\u0105dzenie pozwala si\u0119 perfekcyjnie zintegrowa\u0107 w ka\u017cdej kuchni, dodatkowo s\u0142u\u017c\u0105c jako powierzchnia robocza.<\/p>\n","protected":false},"featured_media":55412,"template":"","meta":{"_et_pb_use_builder":"","_et_pb_old_content":"","_et_gb_content_width":""},"pwb-brand":[1577],"product_brand":[],"product_cat":[523],"product_tag":[],"class_list":{"0":"post-50613","1":"product","2":"type-product","3":"status-publish","4":"has-post-thumbnail","6":"pwb-brand-bartscher","7":"product_cat-stoly-chlodnicze","9":"first","10":"instock","11":"taxable","12":"shipping-taxable","13":"purchasable","14":"product-type-simple"},"brands":[{"id":1577,"name":"Bartscher","slug":"bartscher"}],"_links":{"self":[{"href":"https:\/\/www.multifrigo.pl\/sklep\/wp-json\/wp\/v2\/product\/50613","targetHints":{"allow":["GET"]}}],"collection":[{"href":"https:\/\/www.multifrigo.pl\/sklep\/wp-json\/wp\/v2\/product"}],"about":[{"href":"https:\/\/www.multifrigo.pl\/sklep\/wp-json\/wp\/v2\/types\/product"}],"wp:featuredmedia":[{"embeddable":true,"href":"https:\/\/www.multifrigo.pl\/sklep\/wp-json\/wp\/v2\/media\/55412"}],"wp:attachment":[{"href":"https:\/\/www.multifrigo.pl\/sklep\/wp-json\/wp\/v2\/media?parent=50613"}],"wp:term":[{"taxonomy":"pwb-brand","embeddable":true,"href":"https:\/\/www.multifrigo.pl\/sklep\/wp-json\/wp\/v2\/pwb-brand?post=50613"},{"taxonomy":"product_brand","embeddable":true,"href":"https:\/\/www.multifrigo.pl\/sklep\/wp-json\/wp\/v2\/product_brand?post=50613"},{"taxonomy":"product_cat","embeddable":true,"href":"https:\/\/www.multifrigo.pl\/sklep\/wp-json\/wp\/v2\/product_cat?post=50613"},{"taxonomy":"product_tag","embeddable":true,"href":"https:\/\/www.multifrigo.pl\/sklep\/wp-json\/wp\/v2\/product_tag?post=50613"}],"curies":[{"name":"wp","href":"https:\/\/api.w.org\/{rel}","templated":true}]}}