{"id":50640,"date":"2024-09-09T08:20:29","date_gmt":"2024-09-09T08:20:29","guid":{"rendered":"https:\/\/www.multifrigo.pl\/sklep\/produkt\/stol-mrozniczy-t2-1341-bartscher-110872\/"},"modified":"2025-07-17T08:31:06","modified_gmt":"2025-07-17T08:31:06","slug":"stol-mrozniczy-t2-1341-bartscher-110872","status":"publish","type":"product","link":"https:\/\/www.multifrigo.pl\/sklep\/produkt\/stol-mrozniczy-t2-1341-bartscher-110872\/","title":{"rendered":"St\u00f3\u0142 mro\u017aniczy T2-1341 | Bartscher 110872"},"content":{"rendered":"<p><b>St\u00f3\u0142 mro\u017aniczy T2-1341<\/b><\/p>\n<p>2-drzwiowy st\u00f3\u0142 ch\u0142odniczy z wysokiej jako\u015bci powierzchni\u0105 robocz\u0105 ze stali szlachetnej zapewnia wystarczaj\u0105c\u0105 ilo\u015b\u0107 miejsca i \u0142atwy dost\u0119p do mro\u017conek. Dzi\u0119ki ch\u0142odzeniu przez obieg powietrza utrzymuje sta\u0142\u0105 i r\u00f3wnomiern\u0105 temperatur\u0119 na ca\u0142ej powierzchni \u2013 niezawodny partner w kuchni.<\/p><\/p>\n","protected":false},"excerpt":{"rendered":"<p>St\u00f3\u0142 mro\u017aniczy T2-1341 2-drzwiowy st\u00f3\u0142 ch\u0142odniczy z wysokiej jako\u015bci powierzchni\u0105 robocz\u0105 ze stali szlachetnej zapewnia wystarczaj\u0105c\u0105 ilo\u015b\u0107 miejsca i \u0142atwy dost\u0119p do mro\u017conek. Dzi\u0119ki ch\u0142odzeniu przez obieg powietrza utrzymuje sta\u0142\u0105 i r\u00f3wnomiern\u0105 temperatur\u0119 na ca\u0142ej powierzchni \u2013 niezawodny partner w kuchni.<\/p>\n","protected":false},"featured_media":55464,"template":"","meta":{"_et_pb_use_builder":"","_et_pb_old_content":"","_et_gb_content_width":""},"pwb-brand":[1577],"product_brand":[],"product_cat":[529],"product_tag":[],"class_list":{"0":"post-50640","1":"product","2":"type-product","3":"status-publish","4":"has-post-thumbnail","6":"pwb-brand-bartscher","7":"product_cat-stoly-mroznicze","9":"first","10":"instock","11":"taxable","12":"shipping-taxable","13":"purchasable","14":"product-type-simple"},"brands":[{"id":1577,"name":"Bartscher","slug":"bartscher"}],"_links":{"self":[{"href":"https:\/\/www.multifrigo.pl\/sklep\/wp-json\/wp\/v2\/product\/50640","targetHints":{"allow":["GET"]}}],"collection":[{"href":"https:\/\/www.multifrigo.pl\/sklep\/wp-json\/wp\/v2\/product"}],"about":[{"href":"https:\/\/www.multifrigo.pl\/sklep\/wp-json\/wp\/v2\/types\/product"}],"wp:featuredmedia":[{"embeddable":true,"href":"https:\/\/www.multifrigo.pl\/sklep\/wp-json\/wp\/v2\/media\/55464"}],"wp:attachment":[{"href":"https:\/\/www.multifrigo.pl\/sklep\/wp-json\/wp\/v2\/media?parent=50640"}],"wp:term":[{"taxonomy":"pwb-brand","embeddable":true,"href":"https:\/\/www.multifrigo.pl\/sklep\/wp-json\/wp\/v2\/pwb-brand?post=50640"},{"taxonomy":"product_brand","embeddable":true,"href":"https:\/\/www.multifrigo.pl\/sklep\/wp-json\/wp\/v2\/product_brand?post=50640"},{"taxonomy":"product_cat","embeddable":true,"href":"https:\/\/www.multifrigo.pl\/sklep\/wp-json\/wp\/v2\/product_cat?post=50640"},{"taxonomy":"product_tag","embeddable":true,"href":"https:\/\/www.multifrigo.pl\/sklep\/wp-json\/wp\/v2\/product_tag?post=50640"}],"curies":[{"name":"wp","href":"https:\/\/api.w.org\/{rel}","templated":true}]}}