{"id":50647,"date":"2024-09-09T08:20:51","date_gmt":"2024-09-09T08:20:51","guid":{"rendered":"https:\/\/www.multifrigo.pl\/sklep\/produkt\/szafka-grzewcza-700-4t-1200-bartscher-346127\/"},"modified":"2025-07-17T09:38:33","modified_gmt":"2025-07-17T09:38:33","slug":"szafka-grzewcza-700-4t-1200-bartscher-346127","status":"publish","type":"product","link":"https:\/\/www.multifrigo.pl\/sklep\/produkt\/szafka-grzewcza-700-4t-1200-bartscher-346127\/","title":{"rendered":"Szafka grzewcza 700-4T 1200 | Bartscher 346127"},"content":{"rendered":"<p><b>Szafka grzewcza 700-4T 1200<\/b><\/p>\n<p>Szafka grzewcza o szeroko\u015bci 1,2 metra oferuje regulowan\u0105 bezstopniowo, ogrzewan\u0105 przestrze\u0144 do przechowywania z mo\u017cliwo\u015bci\u0105 obs\u0142ugi z obu stron. Wytrzyma\u0142a powierzchnia ze stali szlachetnej to jednocze\u015bnie solidny blat roboczy, kt\u00f3ry doskonale integruje si\u0119 w przestrzeni kuchennej.<\/p><\/p>\n","protected":false},"excerpt":{"rendered":"<p>Szafka grzewcza 700-4T 1200 Szafka grzewcza o szeroko\u015bci 1,2 metra oferuje regulowan\u0105 bezstopniowo, ogrzewan\u0105 przestrze\u0144 do przechowywania z mo\u017cliwo\u015bci\u0105 obs\u0142ugi z obu stron. Wytrzyma\u0142a powierzchnia ze stali szlachetnej to jednocze\u015bnie solidny blat roboczy, kt\u00f3ry doskonale integruje si\u0119 w przestrzeni kuchennej.<\/p>\n","protected":false},"featured_media":55473,"template":"","meta":{"_et_pb_use_builder":"","_et_pb_old_content":"","_et_gb_content_width":""},"pwb-brand":[1577],"product_brand":[],"product_cat":[3712],"product_tag":[],"class_list":{"0":"post-50647","1":"product","2":"type-product","3":"status-publish","4":"has-post-thumbnail","6":"pwb-brand-bartscher","7":"product_cat-szafy-grzewcze","9":"first","10":"instock","11":"taxable","12":"shipping-taxable","13":"purchasable","14":"product-type-simple"},"brands":[{"id":1577,"name":"Bartscher","slug":"bartscher"}],"_links":{"self":[{"href":"https:\/\/www.multifrigo.pl\/sklep\/wp-json\/wp\/v2\/product\/50647","targetHints":{"allow":["GET"]}}],"collection":[{"href":"https:\/\/www.multifrigo.pl\/sklep\/wp-json\/wp\/v2\/product"}],"about":[{"href":"https:\/\/www.multifrigo.pl\/sklep\/wp-json\/wp\/v2\/types\/product"}],"wp:featuredmedia":[{"embeddable":true,"href":"https:\/\/www.multifrigo.pl\/sklep\/wp-json\/wp\/v2\/media\/55473"}],"wp:attachment":[{"href":"https:\/\/www.multifrigo.pl\/sklep\/wp-json\/wp\/v2\/media?parent=50647"}],"wp:term":[{"taxonomy":"pwb-brand","embeddable":true,"href":"https:\/\/www.multifrigo.pl\/sklep\/wp-json\/wp\/v2\/pwb-brand?post=50647"},{"taxonomy":"product_brand","embeddable":true,"href":"https:\/\/www.multifrigo.pl\/sklep\/wp-json\/wp\/v2\/product_brand?post=50647"},{"taxonomy":"product_cat","embeddable":true,"href":"https:\/\/www.multifrigo.pl\/sklep\/wp-json\/wp\/v2\/product_cat?post=50647"},{"taxonomy":"product_tag","embeddable":true,"href":"https:\/\/www.multifrigo.pl\/sklep\/wp-json\/wp\/v2\/product_tag?post=50647"}],"curies":[{"name":"wp","href":"https:\/\/api.w.org\/{rel}","templated":true}]}}