{"id":50667,"date":"2024-09-09T08:22:11","date_gmt":"2024-09-09T08:22:11","guid":{"rendered":"https:\/\/www.multifrigo.pl\/sklep\/produkt\/szatkownica-do-warzyw-gms601-bartscher-120327\/"},"modified":"2025-07-17T08:35:58","modified_gmt":"2025-07-17T08:35:58","slug":"szatkownica-do-warzyw-gms601-bartscher-120327","status":"publish","type":"product","link":"https:\/\/www.multifrigo.pl\/sklep\/produkt\/szatkownica-do-warzyw-gms601-bartscher-120327\/","title":{"rendered":"Szatkownica do warzyw GMS601 | Bartscher 120327"},"content":{"rendered":"<p><b>Szatkownica do warzyw GMS601<\/b><\/p>\n<p>Wysoce wydajna szatkownica do warzyw z wyj\u0105tkowo du\u017cym otworem do nape\u0142niania, przeznaczona do szatkowania warzyw, owoc\u00f3w lub sera.<\/p><\/p>\n","protected":false},"excerpt":{"rendered":"<p>Szatkownica do warzyw GMS601 Wysoce wydajna szatkownica do warzyw z wyj\u0105tkowo du\u017cym otworem do nape\u0142niania, przeznaczona do szatkowania warzyw, owoc\u00f3w lub sera.<\/p>\n","protected":false},"featured_media":55545,"template":"","meta":{"_et_pb_use_builder":"","_et_pb_old_content":"","_et_gb_content_width":""},"pwb-brand":[1577],"product_brand":[],"product_cat":[3738],"product_tag":[],"class_list":{"0":"post-50667","1":"product","2":"type-product","3":"status-publish","4":"has-post-thumbnail","6":"pwb-brand-bartscher","7":"product_cat-szatkownice-reczne-szatkownice-do-warzyw","9":"first","10":"instock","11":"taxable","12":"shipping-taxable","13":"purchasable","14":"product-type-simple"},"brands":[{"id":1577,"name":"Bartscher","slug":"bartscher"}],"_links":{"self":[{"href":"https:\/\/www.multifrigo.pl\/sklep\/wp-json\/wp\/v2\/product\/50667","targetHints":{"allow":["GET"]}}],"collection":[{"href":"https:\/\/www.multifrigo.pl\/sklep\/wp-json\/wp\/v2\/product"}],"about":[{"href":"https:\/\/www.multifrigo.pl\/sklep\/wp-json\/wp\/v2\/types\/product"}],"wp:featuredmedia":[{"embeddable":true,"href":"https:\/\/www.multifrigo.pl\/sklep\/wp-json\/wp\/v2\/media\/55545"}],"wp:attachment":[{"href":"https:\/\/www.multifrigo.pl\/sklep\/wp-json\/wp\/v2\/media?parent=50667"}],"wp:term":[{"taxonomy":"pwb-brand","embeddable":true,"href":"https:\/\/www.multifrigo.pl\/sklep\/wp-json\/wp\/v2\/pwb-brand?post=50667"},{"taxonomy":"product_brand","embeddable":true,"href":"https:\/\/www.multifrigo.pl\/sklep\/wp-json\/wp\/v2\/product_brand?post=50667"},{"taxonomy":"product_cat","embeddable":true,"href":"https:\/\/www.multifrigo.pl\/sklep\/wp-json\/wp\/v2\/product_cat?post=50667"},{"taxonomy":"product_tag","embeddable":true,"href":"https:\/\/www.multifrigo.pl\/sklep\/wp-json\/wp\/v2\/product_tag?post=50667"}],"curies":[{"name":"wp","href":"https:\/\/api.w.org\/{rel}","templated":true}]}}