{"id":50669,"date":"2024-09-09T08:22:19","date_gmt":"2024-09-09T08:22:19","guid":{"rendered":"https:\/\/www.multifrigo.pl\/sklep\/produkt\/szczypce-do-tostow-100-bartscher-a151301\/"},"modified":"2025-07-17T10:02:37","modified_gmt":"2025-07-17T10:02:37","slug":"szczypce-do-tostow-100-bartscher-a151301","status":"publish","type":"product","link":"https:\/\/www.multifrigo.pl\/sklep\/produkt\/szczypce-do-tostow-100-bartscher-a151301\/","title":{"rendered":"Szczypce do tost\u00f3w 100 | Bartscher A151301"},"content":{"rendered":"<p><b>Szczypce do tost\u00f3w 100<\/b><\/p>\n<p>Praktyczne uzupe\u0142nienie toaster\u00f3w\/opiekaczy: szczypce do tost\u00f3w 100, dzi\u0119ki p\u0142askiemu i szerokiemu kszta\u0142towi, umo\u017cliwia \u0142atwe i bezpieczne wyjmowanie sandwich\u00f3w itp.<\/p><\/p>\n","protected":false},"excerpt":{"rendered":"<p>Szczypce do tost\u00f3w 100 Praktyczne uzupe\u0142nienie toaster\u00f3w\/opiekaczy: szczypce do tost\u00f3w 100, dzi\u0119ki p\u0142askiemu i szerokiemu kszta\u0142towi, umo\u017cliwia \u0142atwe i bezpieczne wyjmowanie sandwich\u00f3w itp.<\/p>\n","protected":false},"featured_media":55557,"template":"","meta":{"_et_pb_use_builder":"","_et_pb_old_content":"","_et_gb_content_width":""},"pwb-brand":[1577],"product_brand":[],"product_cat":[181],"product_tag":[],"class_list":{"0":"post-50669","1":"product","2":"type-product","3":"status-publish","4":"has-post-thumbnail","6":"pwb-brand-bartscher","7":"product_cat-szczypce-kuchenne","9":"first","10":"instock","11":"taxable","12":"shipping-taxable","13":"purchasable","14":"product-type-simple"},"brands":[{"id":1577,"name":"Bartscher","slug":"bartscher"}],"_links":{"self":[{"href":"https:\/\/www.multifrigo.pl\/sklep\/wp-json\/wp\/v2\/product\/50669","targetHints":{"allow":["GET"]}}],"collection":[{"href":"https:\/\/www.multifrigo.pl\/sklep\/wp-json\/wp\/v2\/product"}],"about":[{"href":"https:\/\/www.multifrigo.pl\/sklep\/wp-json\/wp\/v2\/types\/product"}],"wp:featuredmedia":[{"embeddable":true,"href":"https:\/\/www.multifrigo.pl\/sklep\/wp-json\/wp\/v2\/media\/55557"}],"wp:attachment":[{"href":"https:\/\/www.multifrigo.pl\/sklep\/wp-json\/wp\/v2\/media?parent=50669"}],"wp:term":[{"taxonomy":"pwb-brand","embeddable":true,"href":"https:\/\/www.multifrigo.pl\/sklep\/wp-json\/wp\/v2\/pwb-brand?post=50669"},{"taxonomy":"product_brand","embeddable":true,"href":"https:\/\/www.multifrigo.pl\/sklep\/wp-json\/wp\/v2\/product_brand?post=50669"},{"taxonomy":"product_cat","embeddable":true,"href":"https:\/\/www.multifrigo.pl\/sklep\/wp-json\/wp\/v2\/product_cat?post=50669"},{"taxonomy":"product_tag","embeddable":true,"href":"https:\/\/www.multifrigo.pl\/sklep\/wp-json\/wp\/v2\/product_tag?post=50669"}],"curies":[{"name":"wp","href":"https:\/\/api.w.org\/{rel}","templated":true}]}}