{"id":50682,"date":"2024-09-09T08:23:16","date_gmt":"2024-09-09T08:23:16","guid":{"rendered":"https:\/\/www.multifrigo.pl\/sklep\/produkt\/tarcza-tnaca-do-krojenia-w-kostke-ps10-bartscher-120342\/"},"modified":"2025-07-17T08:36:13","modified_gmt":"2025-07-17T08:36:13","slug":"tarcza-tnaca-do-krojenia-w-kostke-ps10-bartscher-120342","status":"publish","type":"product","link":"https:\/\/www.multifrigo.pl\/sklep\/produkt\/tarcza-tnaca-do-krojenia-w-kostke-ps10-bartscher-120342\/","title":{"rendered":"Tarcza tn\u0105ca do krojenia w kostk\u0119 PS10 | Bartscher 120342"},"content":{"rendered":"<p><b>Tarcza tn\u0105ca do krojenia w kostk\u0119 PS10<\/b><\/p>\n<p>Z tarczy mo\u017cna korzysta\u0107 tylko w po\u0142\u0105czenu z tarcz\u0105 tn\u0105c\u0105 do krojenia w plastry DF10.<\/p><\/p>\n","protected":false},"excerpt":{"rendered":"<p>Tarcza tn\u0105ca do krojenia w kostk\u0119 PS10 Z tarczy mo\u017cna korzysta\u0107 tylko w po\u0142\u0105czenu z tarcz\u0105 tn\u0105c\u0105 do krojenia w plastry DF10.<\/p>\n","protected":false},"featured_media":55600,"template":"","meta":{"_et_pb_use_builder":"","_et_pb_old_content":"","_et_gb_content_width":""},"pwb-brand":[1577],"product_brand":[],"product_cat":[656],"product_tag":[],"class_list":{"0":"post-50682","1":"product","2":"type-product","3":"status-publish","4":"has-post-thumbnail","6":"pwb-brand-bartscher","7":"product_cat-tarcze-do-szatkownic","9":"first","10":"instock","11":"taxable","12":"shipping-taxable","13":"purchasable","14":"product-type-simple"},"brands":[{"id":1577,"name":"Bartscher","slug":"bartscher"}],"_links":{"self":[{"href":"https:\/\/www.multifrigo.pl\/sklep\/wp-json\/wp\/v2\/product\/50682","targetHints":{"allow":["GET"]}}],"collection":[{"href":"https:\/\/www.multifrigo.pl\/sklep\/wp-json\/wp\/v2\/product"}],"about":[{"href":"https:\/\/www.multifrigo.pl\/sklep\/wp-json\/wp\/v2\/types\/product"}],"wp:featuredmedia":[{"embeddable":true,"href":"https:\/\/www.multifrigo.pl\/sklep\/wp-json\/wp\/v2\/media\/55600"}],"wp:attachment":[{"href":"https:\/\/www.multifrigo.pl\/sklep\/wp-json\/wp\/v2\/media?parent=50682"}],"wp:term":[{"taxonomy":"pwb-brand","embeddable":true,"href":"https:\/\/www.multifrigo.pl\/sklep\/wp-json\/wp\/v2\/pwb-brand?post=50682"},{"taxonomy":"product_brand","embeddable":true,"href":"https:\/\/www.multifrigo.pl\/sklep\/wp-json\/wp\/v2\/product_brand?post=50682"},{"taxonomy":"product_cat","embeddable":true,"href":"https:\/\/www.multifrigo.pl\/sklep\/wp-json\/wp\/v2\/product_cat?post=50682"},{"taxonomy":"product_tag","embeddable":true,"href":"https:\/\/www.multifrigo.pl\/sklep\/wp-json\/wp\/v2\/product_tag?post=50682"}],"curies":[{"name":"wp","href":"https:\/\/api.w.org\/{rel}","templated":true}]}}