{"id":50684,"date":"2024-09-09T08:23:24","date_gmt":"2024-09-09T08:23:24","guid":{"rendered":"https:\/\/www.multifrigo.pl\/sklep\/?post_type=product&#038;p=50684"},"modified":"2025-07-17T08:48:17","modified_gmt":"2025-07-17T08:48:17","slug":"termos-z-pompka-19l-st-bartscher-190117","status":"publish","type":"product","link":"https:\/\/www.multifrigo.pl\/sklep\/produkt\/termos-z-pompka-19l-st-bartscher-190117\/","title":{"rendered":"Termos z pompk\u0105 1,9L-ST | Bartscher 190117"},"content":{"rendered":"<p><b>Termos z pompk\u0105 1,9L-ST<\/b><\/p>\n<p>Prostota i oszcz\u0119dno\u015b\u0107 czasu \u2013 \u015bwie\u017co zmielon\u0105 kaw\u0119 mo\u017cna poda\u0107 w termosie bezpo\u015brednio przy bufecie \u2013 bez rozlewania.<\/p><\/p>\n","protected":false},"excerpt":{"rendered":"<p>Termos z pompk\u0105 1,9L-ST Prostota i oszcz\u0119dno\u015b\u0107 czasu \u2013 \u015bwie\u017co zmielon\u0105 kaw\u0119 mo\u017cna poda\u0107 w termosie bezpo\u015brednio przy bufecie \u2013 bez rozlewania.<\/p>\n","protected":false},"featured_media":55664,"template":"","meta":{"_et_pb_use_builder":"","_et_pb_old_content":"","_et_gb_content_width":""},"pwb-brand":[1577],"product_brand":[],"product_cat":[233],"product_tag":[],"class_list":{"0":"post-50684","1":"product","2":"type-product","3":"status-publish","4":"has-post-thumbnail","6":"pwb-brand-bartscher","7":"product_cat-termosy-z-pompka","9":"first","10":"instock","11":"taxable","12":"shipping-taxable","13":"purchasable","14":"product-type-simple"},"brands":[{"id":1577,"name":"Bartscher","slug":"bartscher"}],"_links":{"self":[{"href":"https:\/\/www.multifrigo.pl\/sklep\/wp-json\/wp\/v2\/product\/50684","targetHints":{"allow":["GET"]}}],"collection":[{"href":"https:\/\/www.multifrigo.pl\/sklep\/wp-json\/wp\/v2\/product"}],"about":[{"href":"https:\/\/www.multifrigo.pl\/sklep\/wp-json\/wp\/v2\/types\/product"}],"wp:featuredmedia":[{"embeddable":true,"href":"https:\/\/www.multifrigo.pl\/sklep\/wp-json\/wp\/v2\/media\/55664"}],"wp:attachment":[{"href":"https:\/\/www.multifrigo.pl\/sklep\/wp-json\/wp\/v2\/media?parent=50684"}],"wp:term":[{"taxonomy":"pwb-brand","embeddable":true,"href":"https:\/\/www.multifrigo.pl\/sklep\/wp-json\/wp\/v2\/pwb-brand?post=50684"},{"taxonomy":"product_brand","embeddable":true,"href":"https:\/\/www.multifrigo.pl\/sklep\/wp-json\/wp\/v2\/product_brand?post=50684"},{"taxonomy":"product_cat","embeddable":true,"href":"https:\/\/www.multifrigo.pl\/sklep\/wp-json\/wp\/v2\/product_cat?post=50684"},{"taxonomy":"product_tag","embeddable":true,"href":"https:\/\/www.multifrigo.pl\/sklep\/wp-json\/wp\/v2\/product_tag?post=50684"}],"curies":[{"name":"wp","href":"https:\/\/api.w.org\/{rel}","templated":true}]}}