{"id":50723,"date":"2024-09-09T08:25:40","date_gmt":"2024-09-09T08:25:40","guid":{"rendered":"https:\/\/www.multifrigo.pl\/sklep\/produkt\/termos-15l-st-bartscher-190114\/"},"modified":"2025-07-17T08:48:08","modified_gmt":"2025-07-17T08:48:08","slug":"termos-15l-st-bartscher-190114","status":"publish","type":"product","link":"https:\/\/www.multifrigo.pl\/sklep\/produkt\/termos-15l-st-bartscher-190114\/","title":{"rendered":"Termos 1,5L-ST | Bartscher 190114"},"content":{"rendered":"<p><b>Termos 1,5L-ST<\/b><\/p>\n<p>Termos ze stali szlachetnej marki Bartscher wyr\u00f3\u017cnia si\u0119 atrakcyjnym designem i jest przystosowany do zastosowa\u0144 w kuchniach gastronomicznych, bufetach lub cateringu.<\/p><\/p>\n","protected":false},"excerpt":{"rendered":"<p>Termos 1,5L-ST Termos ze stali szlachetnej marki Bartscher wyr\u00f3\u017cnia si\u0119 atrakcyjnym designem i jest przystosowany do zastosowa\u0144 w kuchniach gastronomicznych, bufetach lub cateringu.<\/p>\n","protected":false},"featured_media":55645,"template":"","meta":{"_et_pb_use_builder":"","_et_pb_old_content":"","_et_gb_content_width":""},"pwb-brand":[1577],"product_brand":[],"product_cat":[231],"product_tag":[],"class_list":{"0":"post-50723","1":"product","2":"type-product","3":"status-publish","4":"has-post-thumbnail","6":"pwb-brand-bartscher","7":"product_cat-termosy-stolowe","9":"first","10":"instock","11":"taxable","12":"shipping-taxable","13":"purchasable","14":"product-type-simple"},"brands":[{"id":1577,"name":"Bartscher","slug":"bartscher"}],"_links":{"self":[{"href":"https:\/\/www.multifrigo.pl\/sklep\/wp-json\/wp\/v2\/product\/50723","targetHints":{"allow":["GET"]}}],"collection":[{"href":"https:\/\/www.multifrigo.pl\/sklep\/wp-json\/wp\/v2\/product"}],"about":[{"href":"https:\/\/www.multifrigo.pl\/sklep\/wp-json\/wp\/v2\/types\/product"}],"wp:featuredmedia":[{"embeddable":true,"href":"https:\/\/www.multifrigo.pl\/sklep\/wp-json\/wp\/v2\/media\/55645"}],"wp:attachment":[{"href":"https:\/\/www.multifrigo.pl\/sklep\/wp-json\/wp\/v2\/media?parent=50723"}],"wp:term":[{"taxonomy":"pwb-brand","embeddable":true,"href":"https:\/\/www.multifrigo.pl\/sklep\/wp-json\/wp\/v2\/pwb-brand?post=50723"},{"taxonomy":"product_brand","embeddable":true,"href":"https:\/\/www.multifrigo.pl\/sklep\/wp-json\/wp\/v2\/product_brand?post=50723"},{"taxonomy":"product_cat","embeddable":true,"href":"https:\/\/www.multifrigo.pl\/sklep\/wp-json\/wp\/v2\/product_cat?post=50723"},{"taxonomy":"product_tag","embeddable":true,"href":"https:\/\/www.multifrigo.pl\/sklep\/wp-json\/wp\/v2\/product_tag?post=50723"}],"curies":[{"name":"wp","href":"https:\/\/api.w.org\/{rel}","templated":true}]}}