{"id":50724,"date":"2024-09-09T08:25:45","date_gmt":"2024-09-09T08:25:45","guid":{"rendered":"https:\/\/www.multifrigo.pl\/sklep\/produkt\/termos-15l-vst-bartscher-190218\/"},"modified":"2025-07-17T08:48:42","modified_gmt":"2025-07-17T08:48:42","slug":"termos-15l-vst-bartscher-190218","status":"publish","type":"product","link":"https:\/\/www.multifrigo.pl\/sklep\/produkt\/termos-15l-vst-bartscher-190218\/","title":{"rendered":"Termos 1,5L-VST | Bartscher 190218"},"content":{"rendered":"<p><b>Termos 1,5L-VST<\/b><\/p>\n<p>To przekonuje: 1,5 litra \u015bwie\u017co zaparzonej kawy doskonale zachowuj\u0105cej ciep\u0142o w dwu\u015bciennym termosie, kt\u00f3rego design urzeka. Ten termos doskonale sprawdzi si\u0119 w ka\u017cdym punkcie dystrybucji kawy.<\/p><\/p>\n","protected":false},"excerpt":{"rendered":"<p>Termos 1,5L-VST To przekonuje: 1,5 litra \u015bwie\u017co zaparzonej kawy doskonale zachowuj\u0105cej ciep\u0142o w dwu\u015bciennym termosie, kt\u00f3rego design urzeka. Ten termos doskonale sprawdzi si\u0119 w ka\u017cdym punkcie dystrybucji kawy.<\/p>\n","protected":false},"featured_media":55649,"template":"","meta":{"_et_pb_use_builder":"","_et_pb_old_content":"","_et_gb_content_width":""},"pwb-brand":[1577],"product_brand":[],"product_cat":[231],"product_tag":[],"class_list":{"0":"post-50724","1":"product","2":"type-product","3":"status-publish","4":"has-post-thumbnail","6":"pwb-brand-bartscher","7":"product_cat-termosy-stolowe","9":"first","10":"instock","11":"taxable","12":"shipping-taxable","13":"purchasable","14":"product-type-simple"},"brands":[{"id":1577,"name":"Bartscher","slug":"bartscher"}],"_links":{"self":[{"href":"https:\/\/www.multifrigo.pl\/sklep\/wp-json\/wp\/v2\/product\/50724","targetHints":{"allow":["GET"]}}],"collection":[{"href":"https:\/\/www.multifrigo.pl\/sklep\/wp-json\/wp\/v2\/product"}],"about":[{"href":"https:\/\/www.multifrigo.pl\/sklep\/wp-json\/wp\/v2\/types\/product"}],"wp:featuredmedia":[{"embeddable":true,"href":"https:\/\/www.multifrigo.pl\/sklep\/wp-json\/wp\/v2\/media\/55649"}],"wp:attachment":[{"href":"https:\/\/www.multifrigo.pl\/sklep\/wp-json\/wp\/v2\/media?parent=50724"}],"wp:term":[{"taxonomy":"pwb-brand","embeddable":true,"href":"https:\/\/www.multifrigo.pl\/sklep\/wp-json\/wp\/v2\/pwb-brand?post=50724"},{"taxonomy":"product_brand","embeddable":true,"href":"https:\/\/www.multifrigo.pl\/sklep\/wp-json\/wp\/v2\/product_brand?post=50724"},{"taxonomy":"product_cat","embeddable":true,"href":"https:\/\/www.multifrigo.pl\/sklep\/wp-json\/wp\/v2\/product_cat?post=50724"},{"taxonomy":"product_tag","embeddable":true,"href":"https:\/\/www.multifrigo.pl\/sklep\/wp-json\/wp\/v2\/product_tag?post=50724"}],"curies":[{"name":"wp","href":"https:\/\/api.w.org\/{rel}","templated":true}]}}