{"id":50726,"date":"2024-09-09T08:25:54","date_gmt":"2024-09-09T08:25:54","guid":{"rendered":"https:\/\/www.multifrigo.pl\/sklep\/?post_type=product&#038;p=50726"},"modified":"2025-07-17T08:43:37","modified_gmt":"2025-07-17T08:43:37","slug":"urzadzenie-do-gotowania-ryzu-12l-w-bartscher-150538","status":"publish","type":"product","link":"https:\/\/www.multifrigo.pl\/sklep\/produkt\/urzadzenie-do-gotowania-ryzu-12l-w-bartscher-150538\/","title":{"rendered":"Urz\u0105dzenie do gotowania ry\u017cu 12L W | Bartscher 150538"},"content":{"rendered":"<p><b>Urz\u0105dzenie do gotowania ry\u017cu 12L W<\/b><\/p>\n<p>Urz\u0105dzenie s\u0142u\u017cy do gotowania i utrzymania temperatury ry\u017cu (maks. pojemno\u015b\u0107 5,5 kg). Dzi\u0119ki macie silikonowej oraz wyjmowanemu pojemnikowi wewn\u0119trznemu z pow\u0142ok\u0105 nieprzywieraj\u0105c\u0105 ryzyko przypalenia praktycznie nie istnieje.<\/p><\/p>\n","protected":false},"excerpt":{"rendered":"<p>Urz\u0105dzenie do gotowania ry\u017cu 12L W Urz\u0105dzenie s\u0142u\u017cy do gotowania i utrzymania temperatury ry\u017cu (maks. pojemno\u015b\u0107 5,5 kg). Dzi\u0119ki macie silikonowej oraz wyjmowanemu pojemnikowi wewn\u0119trznemu z pow\u0142ok\u0105 nieprzywieraj\u0105c\u0105 ryzyko przypalenia praktycznie nie istnieje.<\/p>\n","protected":false},"featured_media":55771,"template":"","meta":{"_et_pb_use_builder":"","_et_pb_old_content":"","_et_gb_content_width":""},"pwb-brand":[1577],"product_brand":[],"product_cat":[451],"product_tag":[],"class_list":{"0":"post-50726","1":"product","2":"type-product","3":"status-publish","4":"has-post-thumbnail","6":"pwb-brand-bartscher","7":"product_cat-urzadzenia-do-gotowania-ryzu","9":"first","10":"instock","11":"taxable","12":"shipping-taxable","13":"purchasable","14":"product-type-simple"},"brands":[{"id":1577,"name":"Bartscher","slug":"bartscher"}],"_links":{"self":[{"href":"https:\/\/www.multifrigo.pl\/sklep\/wp-json\/wp\/v2\/product\/50726","targetHints":{"allow":["GET"]}}],"collection":[{"href":"https:\/\/www.multifrigo.pl\/sklep\/wp-json\/wp\/v2\/product"}],"about":[{"href":"https:\/\/www.multifrigo.pl\/sklep\/wp-json\/wp\/v2\/types\/product"}],"wp:featuredmedia":[{"embeddable":true,"href":"https:\/\/www.multifrigo.pl\/sklep\/wp-json\/wp\/v2\/media\/55771"}],"wp:attachment":[{"href":"https:\/\/www.multifrigo.pl\/sklep\/wp-json\/wp\/v2\/media?parent=50726"}],"wp:term":[{"taxonomy":"pwb-brand","embeddable":true,"href":"https:\/\/www.multifrigo.pl\/sklep\/wp-json\/wp\/v2\/pwb-brand?post=50726"},{"taxonomy":"product_brand","embeddable":true,"href":"https:\/\/www.multifrigo.pl\/sklep\/wp-json\/wp\/v2\/product_brand?post=50726"},{"taxonomy":"product_cat","embeddable":true,"href":"https:\/\/www.multifrigo.pl\/sklep\/wp-json\/wp\/v2\/product_cat?post=50726"},{"taxonomy":"product_tag","embeddable":true,"href":"https:\/\/www.multifrigo.pl\/sklep\/wp-json\/wp\/v2\/product_tag?post=50726"}],"curies":[{"name":"wp","href":"https:\/\/api.w.org\/{rel}","templated":true}]}}