{"id":50731,"date":"2024-09-09T08:26:19","date_gmt":"2024-09-09T08:26:19","guid":{"rendered":"https:\/\/www.multifrigo.pl\/sklep\/produkt\/termos-z-pompka-5l-bartscher-150993\/"},"modified":"2025-07-17T08:44:31","modified_gmt":"2025-07-17T08:44:31","slug":"termos-z-pompka-5l-bartscher-150993","status":"publish","type":"product","link":"https:\/\/www.multifrigo.pl\/sklep\/produkt\/termos-z-pompka-5l-bartscher-150993\/","title":{"rendered":"Termos z pompk\u0105 5L | Bartscher 150993"},"content":{"rendered":"<p><b>Termos z pompk\u0105 5L<\/b><\/p>\n<p>Zapewnia nieskomplikowane dozowanie nawet do 5 litr\u00f3w p\u0142ynu. Wersja dwu\u015bcienna gwarantuje niski spadek temperatury gor\u0105cych napoj\u00f3w.<\/p><\/p>\n","protected":false},"excerpt":{"rendered":"<p>Termos z pompk\u0105 5L Zapewnia nieskomplikowane dozowanie nawet do 5 litr\u00f3w p\u0142ynu. Wersja dwu\u015bcienna gwarantuje niski spadek temperatury gor\u0105cych napoj\u00f3w.<\/p>\n","protected":false},"featured_media":55680,"template":"","meta":{"_et_pb_use_builder":"","_et_pb_old_content":"","_et_gb_content_width":""},"pwb-brand":[1577],"product_brand":[],"product_cat":[233],"product_tag":[],"class_list":{"0":"post-50731","1":"product","2":"type-product","3":"status-publish","4":"has-post-thumbnail","6":"pwb-brand-bartscher","7":"product_cat-termosy-z-pompka","9":"first","10":"instock","11":"taxable","12":"shipping-taxable","13":"purchasable","14":"product-type-simple"},"brands":[{"id":1577,"name":"Bartscher","slug":"bartscher"}],"_links":{"self":[{"href":"https:\/\/www.multifrigo.pl\/sklep\/wp-json\/wp\/v2\/product\/50731","targetHints":{"allow":["GET"]}}],"collection":[{"href":"https:\/\/www.multifrigo.pl\/sklep\/wp-json\/wp\/v2\/product"}],"about":[{"href":"https:\/\/www.multifrigo.pl\/sklep\/wp-json\/wp\/v2\/types\/product"}],"wp:featuredmedia":[{"embeddable":true,"href":"https:\/\/www.multifrigo.pl\/sklep\/wp-json\/wp\/v2\/media\/55680"}],"wp:attachment":[{"href":"https:\/\/www.multifrigo.pl\/sklep\/wp-json\/wp\/v2\/media?parent=50731"}],"wp:term":[{"taxonomy":"pwb-brand","embeddable":true,"href":"https:\/\/www.multifrigo.pl\/sklep\/wp-json\/wp\/v2\/pwb-brand?post=50731"},{"taxonomy":"product_brand","embeddable":true,"href":"https:\/\/www.multifrigo.pl\/sklep\/wp-json\/wp\/v2\/product_brand?post=50731"},{"taxonomy":"product_cat","embeddable":true,"href":"https:\/\/www.multifrigo.pl\/sklep\/wp-json\/wp\/v2\/product_cat?post=50731"},{"taxonomy":"product_tag","embeddable":true,"href":"https:\/\/www.multifrigo.pl\/sklep\/wp-json\/wp\/v2\/product_tag?post=50731"}],"curies":[{"name":"wp","href":"https:\/\/api.w.org\/{rel}","templated":true}]}}