{"id":50737,"date":"2024-09-09T08:26:38","date_gmt":"2024-09-09T08:26:38","guid":{"rendered":"https:\/\/www.multifrigo.pl\/sklep\/produkt\/toster-przelotowy-mini-bartscher-100211\/"},"modified":"2025-07-17T07:42:00","modified_gmt":"2025-07-17T07:42:00","slug":"toster-przelotowy-mini-bartscher-100211","status":"publish","type":"product","link":"https:\/\/www.multifrigo.pl\/sklep\/produkt\/toster-przelotowy-mini-bartscher-100211\/","title":{"rendered":"Toster przelotowy &#8222;Mini&#8221; | Bartscher 100211"},"content":{"rendered":"<p><b>Toster przelotowy &#8222;Mini&#8221;<\/b><\/p>\n<p>Zajmuje wyj\u0105tkowo ma\u0142o miejsca &#8211; idealny do bufet\u00f3w<\/p><\/p>\n","protected":false},"excerpt":{"rendered":"<p>Toster przelotowy &#8222;Mini&#8221; Zajmuje wyj\u0105tkowo ma\u0142o miejsca &#8211; idealny do bufet\u00f3w<\/p>\n","protected":false},"featured_media":55693,"template":"","meta":{"_et_pb_use_builder":"","_et_pb_old_content":"","_et_gb_content_width":""},"pwb-brand":[1577],"product_brand":[],"product_cat":[3840],"product_tag":[],"class_list":{"0":"post-50737","1":"product","2":"type-product","3":"status-publish","4":"has-post-thumbnail","6":"pwb-brand-bartscher","7":"product_cat-tostery-gastronomiczne","9":"first","10":"instock","11":"taxable","12":"shipping-taxable","13":"purchasable","14":"product-type-simple"},"brands":[{"id":1577,"name":"Bartscher","slug":"bartscher"}],"_links":{"self":[{"href":"https:\/\/www.multifrigo.pl\/sklep\/wp-json\/wp\/v2\/product\/50737","targetHints":{"allow":["GET"]}}],"collection":[{"href":"https:\/\/www.multifrigo.pl\/sklep\/wp-json\/wp\/v2\/product"}],"about":[{"href":"https:\/\/www.multifrigo.pl\/sklep\/wp-json\/wp\/v2\/types\/product"}],"wp:featuredmedia":[{"embeddable":true,"href":"https:\/\/www.multifrigo.pl\/sklep\/wp-json\/wp\/v2\/media\/55693"}],"wp:attachment":[{"href":"https:\/\/www.multifrigo.pl\/sklep\/wp-json\/wp\/v2\/media?parent=50737"}],"wp:term":[{"taxonomy":"pwb-brand","embeddable":true,"href":"https:\/\/www.multifrigo.pl\/sklep\/wp-json\/wp\/v2\/pwb-brand?post=50737"},{"taxonomy":"product_brand","embeddable":true,"href":"https:\/\/www.multifrigo.pl\/sklep\/wp-json\/wp\/v2\/product_brand?post=50737"},{"taxonomy":"product_cat","embeddable":true,"href":"https:\/\/www.multifrigo.pl\/sklep\/wp-json\/wp\/v2\/product_cat?post=50737"},{"taxonomy":"product_tag","embeddable":true,"href":"https:\/\/www.multifrigo.pl\/sklep\/wp-json\/wp\/v2\/product_tag?post=50737"}],"curies":[{"name":"wp","href":"https:\/\/api.w.org\/{rel}","templated":true}]}}