{"id":50743,"date":"2024-09-09T08:27:04","date_gmt":"2024-09-09T08:27:04","guid":{"rendered":"https:\/\/www.multifrigo.pl\/sklep\/produkt\/toster-ts20sli-bartscher-100282\/"},"modified":"2025-07-17T07:42:02","modified_gmt":"2025-07-17T07:42:02","slug":"toster-ts20sli-bartscher-100282","status":"publish","type":"product","link":"https:\/\/www.multifrigo.pl\/sklep\/produkt\/toster-ts20sli-bartscher-100282\/","title":{"rendered":"Toster TS20Sli | Bartscher 100282"},"content":{"rendered":"<p><b>Toster TS20Sli<\/b><\/p>\n<p>Zsuwnia do tost\u00f3w \u2013 praktyczna i bezpieczna: gotowe tosty zsuwaj\u0105 si\u0119 na zintegrowan\u0105 tac\u0119.<\/p>\n","protected":false},"excerpt":{"rendered":"<p>Toster TS20Sli Zsuwnia do tost\u00f3w \u2013 praktyczna i bezpieczna: gotowe tosty zsuwaj\u0105 si\u0119 na zintegrowan\u0105 tac\u0119.<\/p>\n","protected":false},"featured_media":55719,"template":"","meta":{"_et_pb_use_builder":"","_et_pb_old_content":"","_et_gb_content_width":""},"pwb-brand":[1577],"product_brand":[],"product_cat":[3840],"product_tag":[],"class_list":{"0":"post-50743","1":"product","2":"type-product","3":"status-publish","4":"has-post-thumbnail","6":"pwb-brand-bartscher","7":"product_cat-tostery-gastronomiczne","9":"first","10":"instock","11":"taxable","12":"shipping-taxable","13":"purchasable","14":"product-type-simple"},"brands":[{"id":1577,"name":"Bartscher","slug":"bartscher"}],"_links":{"self":[{"href":"https:\/\/www.multifrigo.pl\/sklep\/wp-json\/wp\/v2\/product\/50743","targetHints":{"allow":["GET"]}}],"collection":[{"href":"https:\/\/www.multifrigo.pl\/sklep\/wp-json\/wp\/v2\/product"}],"about":[{"href":"https:\/\/www.multifrigo.pl\/sklep\/wp-json\/wp\/v2\/types\/product"}],"wp:featuredmedia":[{"embeddable":true,"href":"https:\/\/www.multifrigo.pl\/sklep\/wp-json\/wp\/v2\/media\/55719"}],"wp:attachment":[{"href":"https:\/\/www.multifrigo.pl\/sklep\/wp-json\/wp\/v2\/media?parent=50743"}],"wp:term":[{"taxonomy":"pwb-brand","embeddable":true,"href":"https:\/\/www.multifrigo.pl\/sklep\/wp-json\/wp\/v2\/pwb-brand?post=50743"},{"taxonomy":"product_brand","embeddable":true,"href":"https:\/\/www.multifrigo.pl\/sklep\/wp-json\/wp\/v2\/product_brand?post=50743"},{"taxonomy":"product_cat","embeddable":true,"href":"https:\/\/www.multifrigo.pl\/sklep\/wp-json\/wp\/v2\/product_cat?post=50743"},{"taxonomy":"product_tag","embeddable":true,"href":"https:\/\/www.multifrigo.pl\/sklep\/wp-json\/wp\/v2\/product_tag?post=50743"}],"curies":[{"name":"wp","href":"https:\/\/api.w.org\/{rel}","templated":true}]}}