{"id":50745,"date":"2024-09-09T08:27:12","date_gmt":"2024-09-09T08:27:12","guid":{"rendered":"https:\/\/www.multifrigo.pl\/sklep\/produkt\/toster-ts60-bartscher-100197\/"},"modified":"2025-07-17T07:41:59","modified_gmt":"2025-07-17T07:41:59","slug":"toster-ts60-bartscher-100197","status":"publish","type":"product","link":"https:\/\/www.multifrigo.pl\/sklep\/produkt\/toster-ts60-bartscher-100197\/","title":{"rendered":"Toster TS60 | Bartscher 100197"},"content":{"rendered":"<p><b>Toster TS60<\/b><\/p>\n<p>Czasem warto pozwoli\u0107 sobie na wi\u0119cej: 6 szczelin z prze\u0142\u0105cznikiem wyboru do opiekania 2, 4 lub 6 tost\u00f3w.<\/p><\/p>\n","protected":false},"excerpt":{"rendered":"<p>Toster TS60 Czasem warto pozwoli\u0107 sobie na wi\u0119cej: 6 szczelin z prze\u0142\u0105cznikiem wyboru do opiekania 2, 4 lub 6 tost\u00f3w.<\/p>\n","protected":false},"featured_media":55730,"template":"","meta":{"_et_pb_use_builder":"","_et_pb_old_content":"","_et_gb_content_width":""},"pwb-brand":[1577],"product_brand":[],"product_cat":[3840],"product_tag":[],"class_list":{"0":"post-50745","1":"product","2":"type-product","3":"status-publish","4":"has-post-thumbnail","6":"pwb-brand-bartscher","7":"product_cat-tostery-gastronomiczne","9":"first","10":"instock","11":"taxable","12":"shipping-taxable","13":"purchasable","14":"product-type-simple"},"brands":[{"id":1577,"name":"Bartscher","slug":"bartscher"}],"_links":{"self":[{"href":"https:\/\/www.multifrigo.pl\/sklep\/wp-json\/wp\/v2\/product\/50745","targetHints":{"allow":["GET"]}}],"collection":[{"href":"https:\/\/www.multifrigo.pl\/sklep\/wp-json\/wp\/v2\/product"}],"about":[{"href":"https:\/\/www.multifrigo.pl\/sklep\/wp-json\/wp\/v2\/types\/product"}],"wp:featuredmedia":[{"embeddable":true,"href":"https:\/\/www.multifrigo.pl\/sklep\/wp-json\/wp\/v2\/media\/55730"}],"wp:attachment":[{"href":"https:\/\/www.multifrigo.pl\/sklep\/wp-json\/wp\/v2\/media?parent=50745"}],"wp:term":[{"taxonomy":"pwb-brand","embeddable":true,"href":"https:\/\/www.multifrigo.pl\/sklep\/wp-json\/wp\/v2\/pwb-brand?post=50745"},{"taxonomy":"product_brand","embeddable":true,"href":"https:\/\/www.multifrigo.pl\/sklep\/wp-json\/wp\/v2\/product_brand?post=50745"},{"taxonomy":"product_cat","embeddable":true,"href":"https:\/\/www.multifrigo.pl\/sklep\/wp-json\/wp\/v2\/product_cat?post=50745"},{"taxonomy":"product_tag","embeddable":true,"href":"https:\/\/www.multifrigo.pl\/sklep\/wp-json\/wp\/v2\/product_tag?post=50745"}],"curies":[{"name":"wp","href":"https:\/\/api.w.org\/{rel}","templated":true}]}}