{"id":50757,"date":"2024-09-09T08:27:52","date_gmt":"2024-09-09T08:27:52","guid":{"rendered":"https:\/\/www.multifrigo.pl\/sklep\/produkt\/umywalka-do-rak-w10-kb-plus-bartscher-401621\/"},"modified":"2025-07-17T09:41:46","modified_gmt":"2025-07-17T09:41:46","slug":"umywalka-do-rak-w10-kb-plus-bartscher-401621","status":"publish","type":"product","link":"https:\/\/www.multifrigo.pl\/sklep\/produkt\/umywalka-do-rak-w10-kb-plus-bartscher-401621\/","title":{"rendered":"Umywalka do r\u0105k W10-KB Plus | Bartscher 401621"},"content":{"rendered":"<p><b>Umywalka do r\u0105k W10-KB Plus<\/b><\/p>\n<p>Higiena i prostota w jednym \u2013 umywalka W10-KB Plus z praktyczn\u0105 obs\u0142ug\u0105 kolanem i zintegrowanym dozownikiem myd\u0142a zapewni optymalne warunki higieniczne.<\/p>\n","protected":false},"excerpt":{"rendered":"<p>Umywalka do r\u0105k W10-KB Plus Higiena i prostota w jednym \u2013 umywalka W10-KB Plus z praktyczn\u0105 obs\u0142ug\u0105 kolanem i zintegrowanym dozownikiem myd\u0142a zapewni optymalne warunki higieniczne.<\/p>\n","protected":false},"featured_media":55749,"template":"","meta":{"_et_pb_use_builder":"","_et_pb_old_content":"","_et_gb_content_width":""},"pwb-brand":[1577],"product_brand":[],"product_cat":[370],"product_tag":[],"class_list":{"0":"post-50757","1":"product","2":"type-product","3":"status-publish","4":"has-post-thumbnail","6":"pwb-brand-bartscher","7":"product_cat-stojace","9":"first","10":"instock","11":"taxable","12":"shipping-taxable","13":"purchasable","14":"product-type-simple"},"brands":[{"id":1577,"name":"Bartscher","slug":"bartscher"}],"_links":{"self":[{"href":"https:\/\/www.multifrigo.pl\/sklep\/wp-json\/wp\/v2\/product\/50757","targetHints":{"allow":["GET"]}}],"collection":[{"href":"https:\/\/www.multifrigo.pl\/sklep\/wp-json\/wp\/v2\/product"}],"about":[{"href":"https:\/\/www.multifrigo.pl\/sklep\/wp-json\/wp\/v2\/types\/product"}],"wp:featuredmedia":[{"embeddable":true,"href":"https:\/\/www.multifrigo.pl\/sklep\/wp-json\/wp\/v2\/media\/55749"}],"wp:attachment":[{"href":"https:\/\/www.multifrigo.pl\/sklep\/wp-json\/wp\/v2\/media?parent=50757"}],"wp:term":[{"taxonomy":"pwb-brand","embeddable":true,"href":"https:\/\/www.multifrigo.pl\/sklep\/wp-json\/wp\/v2\/pwb-brand?post=50757"},{"taxonomy":"product_brand","embeddable":true,"href":"https:\/\/www.multifrigo.pl\/sklep\/wp-json\/wp\/v2\/product_brand?post=50757"},{"taxonomy":"product_cat","embeddable":true,"href":"https:\/\/www.multifrigo.pl\/sklep\/wp-json\/wp\/v2\/product_cat?post=50757"},{"taxonomy":"product_tag","embeddable":true,"href":"https:\/\/www.multifrigo.pl\/sklep\/wp-json\/wp\/v2\/product_tag?post=50757"}],"curies":[{"name":"wp","href":"https:\/\/api.w.org\/{rel}","templated":true}]}}