{"id":50764,"date":"2024-09-09T08:28:17","date_gmt":"2024-09-09T08:28:17","guid":{"rendered":"https:\/\/www.multifrigo.pl\/sklep\/produkt\/urzadzenie-do-gotowania-sous-vide-sv-g16l-bartscher-115131\/"},"modified":"2025-07-17T08:33:29","modified_gmt":"2025-07-17T08:33:29","slug":"urzadzenie-do-gotowania-sous-vide-sv-g16l-bartscher-115131","status":"publish","type":"product","link":"https:\/\/www.multifrigo.pl\/sklep\/produkt\/urzadzenie-do-gotowania-sous-vide-sv-g16l-bartscher-115131\/","title":{"rendered":"Urz\u0105dzenie do gotowania Sous Vide SV G16L | Bartscher 115131"},"content":{"rendered":"<p><b>Urz\u0105dzenie do gotowania Sous Vide SV G16L<\/b><\/p>\n<p>Zachowuj\u0105c absolutn\u0105 precyzj\u0119, wszelkie warto\u015bci od\u017cywcze i pe\u0142ni\u0119 prawdziwego smaku \u2013 dzi\u0119ki mo\u017cliwo\u015bci indywidualnej regulacji czasu i temperatury mo\u017cna precyzyjnie ustawi\u0107 punkt gotowania.<\/p><\/p>\n","protected":false},"excerpt":{"rendered":"<p>Urz\u0105dzenie do gotowania Sous Vide SV G16L Zachowuj\u0105c absolutn\u0105 precyzj\u0119, wszelkie warto\u015bci od\u017cywcze i pe\u0142ni\u0119 prawdziwego smaku \u2013 dzi\u0119ki mo\u017cliwo\u015bci indywidualnej regulacji czasu i temperatury mo\u017cna precyzyjnie ustawi\u0107 punkt gotowania.<\/p>\n","protected":false},"featured_media":55764,"template":"","meta":{"_et_pb_use_builder":"","_et_pb_old_content":"","_et_gb_content_width":""},"pwb-brand":[1577],"product_brand":[],"product_cat":[414],"product_tag":[],"class_list":{"0":"post-50764","1":"product","2":"type-product","3":"status-publish","4":"has-post-thumbnail","6":"pwb-brand-bartscher","7":"product_cat-urzadzenia-do-sous-vide","9":"first","10":"instock","11":"taxable","12":"shipping-taxable","13":"purchasable","14":"product-type-simple"},"brands":[{"id":1577,"name":"Bartscher","slug":"bartscher"}],"_links":{"self":[{"href":"https:\/\/www.multifrigo.pl\/sklep\/wp-json\/wp\/v2\/product\/50764","targetHints":{"allow":["GET"]}}],"collection":[{"href":"https:\/\/www.multifrigo.pl\/sklep\/wp-json\/wp\/v2\/product"}],"about":[{"href":"https:\/\/www.multifrigo.pl\/sklep\/wp-json\/wp\/v2\/types\/product"}],"wp:featuredmedia":[{"embeddable":true,"href":"https:\/\/www.multifrigo.pl\/sklep\/wp-json\/wp\/v2\/media\/55764"}],"wp:attachment":[{"href":"https:\/\/www.multifrigo.pl\/sklep\/wp-json\/wp\/v2\/media?parent=50764"}],"wp:term":[{"taxonomy":"pwb-brand","embeddable":true,"href":"https:\/\/www.multifrigo.pl\/sklep\/wp-json\/wp\/v2\/pwb-brand?post=50764"},{"taxonomy":"product_brand","embeddable":true,"href":"https:\/\/www.multifrigo.pl\/sklep\/wp-json\/wp\/v2\/product_brand?post=50764"},{"taxonomy":"product_cat","embeddable":true,"href":"https:\/\/www.multifrigo.pl\/sklep\/wp-json\/wp\/v2\/product_cat?post=50764"},{"taxonomy":"product_tag","embeddable":true,"href":"https:\/\/www.multifrigo.pl\/sklep\/wp-json\/wp\/v2\/product_tag?post=50764"}],"curies":[{"name":"wp","href":"https:\/\/api.w.org\/{rel}","templated":true}]}}