{"id":50770,"date":"2024-09-09T08:28:46","date_gmt":"2024-09-09T08:28:46","guid":{"rendered":"https:\/\/www.multifrigo.pl\/sklep\/produkt\/urzadzenie-do-gotowania-ryzu-gazowe-10l-bartscher-1505393\/"},"modified":"2025-07-17T08:43:44","modified_gmt":"2025-07-17T08:43:44","slug":"urzadzenie-do-gotowania-ryzu-gazowe-10l-bartscher-1505393","status":"publish","type":"product","link":"https:\/\/www.multifrigo.pl\/sklep\/produkt\/urzadzenie-do-gotowania-ryzu-gazowe-10l-bartscher-1505393\/","title":{"rendered":"Urz\u0105dzenie do gotowania ry\u017cu, gazowe 10L | Bartscher 1505393"},"content":{"rendered":"<p><b>Urz\u0105dzenie do gotowania ry\u017cu, gazowe 10L<\/b><\/p>\n<p>Doskonale przyrz\u0105dzony ry\u017c o ka\u017cdej porze \u2013 bez potrzeby pod\u0142\u0105czania do zasilania elektrycznego. Urz\u0105dzenie o mocy 8 kW w wersji gazowej s\u0142u\u017cy do gotowania ry\u017cu i utrzymywania temperatury wewn\u0105trz urz\u0105dzenia znajduj\u0105cego si\u0119 na zewn\u0105trz lub w dobrze wentylowanych pomieszczeniach (maks. pojemno\u015b\u0107 8,3\u00a0kg).<\/p><\/p>\n","protected":false},"excerpt":{"rendered":"<p>Urz\u0105dzenie do gotowania ry\u017cu, gazowe 10L Doskonale przyrz\u0105dzony ry\u017c o ka\u017cdej porze \u2013 bez potrzeby pod\u0142\u0105czania do zasilania elektrycznego. Urz\u0105dzenie o mocy 8 kW w wersji gazowej s\u0142u\u017cy do gotowania ry\u017cu i utrzymywania temperatury wewn\u0105trz urz\u0105dzenia znajduj\u0105cego si\u0119 na zewn\u0105trz lub w dobrze wentylowanych pomieszczeniach (maks. pojemno\u015b\u0107 8,3\u00a0kg).<\/p>\n","protected":false},"featured_media":55797,"template":"","meta":{"_et_pb_use_builder":"","_et_pb_old_content":"","_et_gb_content_width":""},"pwb-brand":[1577],"product_brand":[],"product_cat":[451],"product_tag":[],"class_list":{"0":"post-50770","1":"product","2":"type-product","3":"status-publish","4":"has-post-thumbnail","6":"pwb-brand-bartscher","7":"product_cat-urzadzenia-do-gotowania-ryzu","9":"first","10":"instock","11":"taxable","12":"shipping-taxable","13":"purchasable","14":"product-type-simple"},"brands":[{"id":1577,"name":"Bartscher","slug":"bartscher"}],"_links":{"self":[{"href":"https:\/\/www.multifrigo.pl\/sklep\/wp-json\/wp\/v2\/product\/50770","targetHints":{"allow":["GET"]}}],"collection":[{"href":"https:\/\/www.multifrigo.pl\/sklep\/wp-json\/wp\/v2\/product"}],"about":[{"href":"https:\/\/www.multifrigo.pl\/sklep\/wp-json\/wp\/v2\/types\/product"}],"wp:featuredmedia":[{"embeddable":true,"href":"https:\/\/www.multifrigo.pl\/sklep\/wp-json\/wp\/v2\/media\/55797"}],"wp:attachment":[{"href":"https:\/\/www.multifrigo.pl\/sklep\/wp-json\/wp\/v2\/media?parent=50770"}],"wp:term":[{"taxonomy":"pwb-brand","embeddable":true,"href":"https:\/\/www.multifrigo.pl\/sklep\/wp-json\/wp\/v2\/pwb-brand?post=50770"},{"taxonomy":"product_brand","embeddable":true,"href":"https:\/\/www.multifrigo.pl\/sklep\/wp-json\/wp\/v2\/product_brand?post=50770"},{"taxonomy":"product_cat","embeddable":true,"href":"https:\/\/www.multifrigo.pl\/sklep\/wp-json\/wp\/v2\/product_cat?post=50770"},{"taxonomy":"product_tag","embeddable":true,"href":"https:\/\/www.multifrigo.pl\/sklep\/wp-json\/wp\/v2\/product_tag?post=50770"}],"curies":[{"name":"wp","href":"https:\/\/api.w.org\/{rel}","templated":true}]}}