{"id":50773,"date":"2024-09-09T08:29:00","date_gmt":"2024-09-09T08:29:00","guid":{"rendered":"https:\/\/www.multifrigo.pl\/sklep\/produkt\/urzadzenie-do-hot-dogow-t4-bartscher-a120409\/"},"modified":"2025-07-17T09:54:21","modified_gmt":"2025-07-17T09:54:21","slug":"urzadzenie-do-hot-dogow-t4-bartscher-a120409","status":"publish","type":"product","link":"https:\/\/www.multifrigo.pl\/sklep\/produkt\/urzadzenie-do-hot-dogow-t4-bartscher-a120409\/","title":{"rendered":"Urz\u0105dzenie do hot dog\u00f3w T4 | Bartscher A120409"},"content":{"rendered":"<p><b>Urz\u0105dzenie do hot dog\u00f3w T4<\/b><\/p>\n<p>Do perfekcyjnego przygotowania hot dogo\u0301w: ten posiadaja\u0328cy 4 szpikulce opiekacz uzupe\u0142ni Pan\u0301stwa wyposaz\u0307enie do przygotowywania hot dogo\u0301w.<\/p><\/p>\n","protected":false},"excerpt":{"rendered":"<p>Urz\u0105dzenie do hot dog\u00f3w T4 Do perfekcyjnego przygotowania hot dogo\u0301w: ten posiadaja\u0328cy 4 szpikulce opiekacz uzupe\u0142ni Pan\u0301stwa wyposaz\u0307enie do przygotowywania hot dogo\u0301w.<\/p>\n","protected":false},"featured_media":55813,"template":"","meta":{"_et_pb_use_builder":"","_et_pb_old_content":"","_et_gb_content_width":""},"pwb-brand":[1577],"product_brand":[],"product_cat":[465],"product_tag":[],"class_list":{"0":"post-50773","1":"product","2":"type-product","3":"status-publish","4":"has-post-thumbnail","6":"pwb-brand-bartscher","7":"product_cat-urzadzenia-do-hot-dogow-urzadzenia-do-hot-dogow","9":"first","10":"instock","11":"taxable","12":"shipping-taxable","13":"purchasable","14":"product-type-simple"},"brands":[{"id":1577,"name":"Bartscher","slug":"bartscher"}],"_links":{"self":[{"href":"https:\/\/www.multifrigo.pl\/sklep\/wp-json\/wp\/v2\/product\/50773","targetHints":{"allow":["GET"]}}],"collection":[{"href":"https:\/\/www.multifrigo.pl\/sklep\/wp-json\/wp\/v2\/product"}],"about":[{"href":"https:\/\/www.multifrigo.pl\/sklep\/wp-json\/wp\/v2\/types\/product"}],"wp:featuredmedia":[{"embeddable":true,"href":"https:\/\/www.multifrigo.pl\/sklep\/wp-json\/wp\/v2\/media\/55813"}],"wp:attachment":[{"href":"https:\/\/www.multifrigo.pl\/sklep\/wp-json\/wp\/v2\/media?parent=50773"}],"wp:term":[{"taxonomy":"pwb-brand","embeddable":true,"href":"https:\/\/www.multifrigo.pl\/sklep\/wp-json\/wp\/v2\/pwb-brand?post=50773"},{"taxonomy":"product_brand","embeddable":true,"href":"https:\/\/www.multifrigo.pl\/sklep\/wp-json\/wp\/v2\/product_brand?post=50773"},{"taxonomy":"product_cat","embeddable":true,"href":"https:\/\/www.multifrigo.pl\/sklep\/wp-json\/wp\/v2\/product_cat?post=50773"},{"taxonomy":"product_tag","embeddable":true,"href":"https:\/\/www.multifrigo.pl\/sklep\/wp-json\/wp\/v2\/product_tag?post=50773"}],"curies":[{"name":"wp","href":"https:\/\/api.w.org\/{rel}","templated":true}]}}