{"id":50829,"date":"2024-09-09T08:32:34","date_gmt":"2024-09-09T08:32:34","guid":{"rendered":"https:\/\/www.multifrigo.pl\/sklep\/produkt\/warnik-do-wody-9l-bartscher-200073\/"},"modified":"2025-07-17T08:50:32","modified_gmt":"2025-07-17T08:50:32","slug":"warnik-do-wody-9l-bartscher-200073","status":"publish","type":"product","link":"https:\/\/www.multifrigo.pl\/sklep\/produkt\/warnik-do-wody-9l-bartscher-200073\/","title":{"rendered":"Warnik do wody 9L | Bartscher 200073"},"content":{"rendered":"<p><b>Warnik do wody 9L<\/b><\/p>\n<p>Wykonany ze stali szlachetnej warnik do wody umo\u017cliwia bezstopniowe podgrzewanie i utrzymanie temperatury 9 litr\u00f3w wody. Doskonale nadaje si\u0119 do zastosowa\u0144 w hotelach, restauracjach, w samoobs\u0142ugowych kawiarniach lub w cateringu.<\/p>\n","protected":false},"excerpt":{"rendered":"<p>Warnik do wody 9L Wykonany ze stali szlachetnej warnik do wody umo\u017cliwia bezstopniowe podgrzewanie i utrzymanie temperatury 9 litr\u00f3w wody. Doskonale nadaje si\u0119 do zastosowa\u0144 w hotelach, restauracjach, w samoobs\u0142ugowych kawiarniach lub w cateringu.<\/p>\n","protected":false},"featured_media":55934,"template":"","meta":{"_et_pb_use_builder":"","_et_pb_old_content":"","_et_gb_content_width":""},"pwb-brand":[1577],"product_brand":[],"product_cat":[234],"product_tag":[],"class_list":{"0":"post-50829","1":"product","2":"type-product","3":"status-publish","4":"has-post-thumbnail","6":"pwb-brand-bartscher","7":"product_cat-warniki","9":"first","10":"instock","11":"taxable","12":"shipping-taxable","13":"purchasable","14":"product-type-simple"},"brands":[{"id":1577,"name":"Bartscher","slug":"bartscher"}],"_links":{"self":[{"href":"https:\/\/www.multifrigo.pl\/sklep\/wp-json\/wp\/v2\/product\/50829","targetHints":{"allow":["GET"]}}],"collection":[{"href":"https:\/\/www.multifrigo.pl\/sklep\/wp-json\/wp\/v2\/product"}],"about":[{"href":"https:\/\/www.multifrigo.pl\/sklep\/wp-json\/wp\/v2\/types\/product"}],"wp:featuredmedia":[{"embeddable":true,"href":"https:\/\/www.multifrigo.pl\/sklep\/wp-json\/wp\/v2\/media\/55934"}],"wp:attachment":[{"href":"https:\/\/www.multifrigo.pl\/sklep\/wp-json\/wp\/v2\/media?parent=50829"}],"wp:term":[{"taxonomy":"pwb-brand","embeddable":true,"href":"https:\/\/www.multifrigo.pl\/sklep\/wp-json\/wp\/v2\/pwb-brand?post=50829"},{"taxonomy":"product_brand","embeddable":true,"href":"https:\/\/www.multifrigo.pl\/sklep\/wp-json\/wp\/v2\/product_brand?post=50829"},{"taxonomy":"product_cat","embeddable":true,"href":"https:\/\/www.multifrigo.pl\/sklep\/wp-json\/wp\/v2\/product_cat?post=50829"},{"taxonomy":"product_tag","embeddable":true,"href":"https:\/\/www.multifrigo.pl\/sklep\/wp-json\/wp\/v2\/product_tag?post=50829"}],"curies":[{"name":"wp","href":"https:\/\/api.w.org\/{rel}","templated":true}]}}