{"id":50849,"date":"2024-09-09T08:33:32","date_gmt":"2024-09-09T08:33:32","guid":{"rendered":"https:\/\/www.multifrigo.pl\/sklep\/produkt\/wirowka-do-salaty-k1-25l-bartscher-120709\/"},"modified":"2025-07-17T08:37:05","modified_gmt":"2025-07-17T08:37:05","slug":"wirowka-do-salaty-k1-25l-bartscher-120709","status":"publish","type":"product","link":"https:\/\/www.multifrigo.pl\/sklep\/produkt\/wirowka-do-salaty-k1-25l-bartscher-120709\/","title":{"rendered":"Wir\u00f3wka do sa\u0142aty K1-25L | Bartscher 120709"},"content":{"rendered":"<p><b>Wir\u00f3wka do sa\u0142aty K1-25L<\/b><\/p>\n<p>Do efektywnego, niezawodnego i higienicznego przyrz\u0105dzania chrupi\u0105cych sa\u0142at i \u015bwie\u017cych warzyw. Zalet\u0105 jest prosta obs\u0142uga i czyszczenie.<\/p><\/p>\n","protected":false},"excerpt":{"rendered":"<p>Wir\u00f3wka do sa\u0142aty K1-25L Do efektywnego, niezawodnego i higienicznego przyrz\u0105dzania chrupi\u0105cych sa\u0142at i \u015bwie\u017cych warzyw. Zalet\u0105 jest prosta obs\u0142uga i czyszczenie.<\/p>\n","protected":false},"featured_media":55956,"template":"","meta":{"_et_pb_use_builder":"","_et_pb_old_content":"","_et_gb_content_width":""},"pwb-brand":[1577],"product_brand":[],"product_cat":[109],"product_tag":[],"class_list":{"0":"post-50849","1":"product","2":"type-product","3":"status-publish","4":"has-post-thumbnail","6":"pwb-brand-bartscher","7":"product_cat-wirowki-do-salaty","9":"first","10":"instock","11":"taxable","12":"shipping-taxable","13":"purchasable","14":"product-type-simple"},"brands":[{"id":1577,"name":"Bartscher","slug":"bartscher"}],"_links":{"self":[{"href":"https:\/\/www.multifrigo.pl\/sklep\/wp-json\/wp\/v2\/product\/50849","targetHints":{"allow":["GET"]}}],"collection":[{"href":"https:\/\/www.multifrigo.pl\/sklep\/wp-json\/wp\/v2\/product"}],"about":[{"href":"https:\/\/www.multifrigo.pl\/sklep\/wp-json\/wp\/v2\/types\/product"}],"wp:featuredmedia":[{"embeddable":true,"href":"https:\/\/www.multifrigo.pl\/sklep\/wp-json\/wp\/v2\/media\/55956"}],"wp:attachment":[{"href":"https:\/\/www.multifrigo.pl\/sklep\/wp-json\/wp\/v2\/media?parent=50849"}],"wp:term":[{"taxonomy":"pwb-brand","embeddable":true,"href":"https:\/\/www.multifrigo.pl\/sklep\/wp-json\/wp\/v2\/pwb-brand?post=50849"},{"taxonomy":"product_brand","embeddable":true,"href":"https:\/\/www.multifrigo.pl\/sklep\/wp-json\/wp\/v2\/product_brand?post=50849"},{"taxonomy":"product_cat","embeddable":true,"href":"https:\/\/www.multifrigo.pl\/sklep\/wp-json\/wp\/v2\/product_cat?post=50849"},{"taxonomy":"product_tag","embeddable":true,"href":"https:\/\/www.multifrigo.pl\/sklep\/wp-json\/wp\/v2\/product_tag?post=50849"}],"curies":[{"name":"wp","href":"https:\/\/api.w.org\/{rel}","templated":true}]}}