{"id":50851,"date":"2024-09-09T08:33:40","date_gmt":"2024-09-09T08:33:40","guid":{"rendered":"https:\/\/www.multifrigo.pl\/sklep\/produkt\/witryna-bufetowa-3850-3e-k-bartscher-700357\/"},"modified":"2025-07-17T09:47:27","modified_gmt":"2025-07-17T09:47:27","slug":"witryna-bufetowa-3850-3e-k-bartscher-700357","status":"publish","type":"product","link":"https:\/\/www.multifrigo.pl\/sklep\/produkt\/witryna-bufetowa-3850-3e-k-bartscher-700357\/","title":{"rendered":"Witryna bufetowa 3850 3E-K | Bartscher 700357"},"content":{"rendered":"<p><b>Witryna bufetowa 3850 3E-K<\/b><\/p>\n<p>Zajmuj\u0105ca niewiele miejsca witryna bufetowa oferuje powierzchni\u0119 ekspozycyjn\u0105 na 3 poziomach. Witryna zapewnia mo\u017cliwo\u015b\u0107 atrakcyjnej prezentacji \u017cywno\u015bci niewra\u017cliwej na temperatur\u0119, np. ciastek, suchych ciast, czekoladek i kanapek \/ sandwich\u00f3w.<\/p>\n","protected":false},"excerpt":{"rendered":"<p>Witryna bufetowa 3850 3E-K Zajmuj\u0105ca niewiele miejsca witryna bufetowa oferuje powierzchni\u0119 ekspozycyjn\u0105 na 3 poziomach. Witryna zapewnia mo\u017cliwo\u015b\u0107 atrakcyjnej prezentacji \u017cywno\u015bci niewra\u017cliwej na temperatur\u0119, np. ciastek, suchych ciast, czekoladek i kanapek \/ sandwich\u00f3w.<\/p>\n","protected":false},"featured_media":55964,"template":"","meta":{"_et_pb_use_builder":"","_et_pb_old_content":"","_et_gb_content_width":""},"pwb-brand":[1577],"product_brand":[],"product_cat":[288],"product_tag":[],"class_list":{"0":"post-50851","1":"product","2":"type-product","3":"status-publish","4":"has-post-thumbnail","6":"pwb-brand-bartscher","7":"product_cat-witrynki-bufetowe","9":"first","10":"instock","11":"taxable","12":"shipping-taxable","13":"purchasable","14":"product-type-simple"},"brands":[{"id":1577,"name":"Bartscher","slug":"bartscher"}],"_links":{"self":[{"href":"https:\/\/www.multifrigo.pl\/sklep\/wp-json\/wp\/v2\/product\/50851","targetHints":{"allow":["GET"]}}],"collection":[{"href":"https:\/\/www.multifrigo.pl\/sklep\/wp-json\/wp\/v2\/product"}],"about":[{"href":"https:\/\/www.multifrigo.pl\/sklep\/wp-json\/wp\/v2\/types\/product"}],"wp:featuredmedia":[{"embeddable":true,"href":"https:\/\/www.multifrigo.pl\/sklep\/wp-json\/wp\/v2\/media\/55964"}],"wp:attachment":[{"href":"https:\/\/www.multifrigo.pl\/sklep\/wp-json\/wp\/v2\/media?parent=50851"}],"wp:term":[{"taxonomy":"pwb-brand","embeddable":true,"href":"https:\/\/www.multifrigo.pl\/sklep\/wp-json\/wp\/v2\/pwb-brand?post=50851"},{"taxonomy":"product_brand","embeddable":true,"href":"https:\/\/www.multifrigo.pl\/sklep\/wp-json\/wp\/v2\/product_brand?post=50851"},{"taxonomy":"product_cat","embeddable":true,"href":"https:\/\/www.multifrigo.pl\/sklep\/wp-json\/wp\/v2\/product_cat?post=50851"},{"taxonomy":"product_tag","embeddable":true,"href":"https:\/\/www.multifrigo.pl\/sklep\/wp-json\/wp\/v2\/product_tag?post=50851"}],"curies":[{"name":"wp","href":"https:\/\/api.w.org\/{rel}","templated":true}]}}