{"id":50870,"date":"2024-09-09T08:34:36","date_gmt":"2024-09-09T08:34:36","guid":{"rendered":"https:\/\/www.multifrigo.pl\/sklep\/produkt\/witryna-bufetowa-sw10kp-bartscher-a500468\/"},"modified":"2025-07-17T10:05:57","modified_gmt":"2025-07-17T10:05:57","slug":"witryna-bufetowa-sw10kp-bartscher-a500468","status":"publish","type":"product","link":"https:\/\/www.multifrigo.pl\/sklep\/produkt\/witryna-bufetowa-sw10kp-bartscher-a500468\/","title":{"rendered":"Witryna bufetowa SW10KP | Bartscher A500468"},"content":{"rendered":"<p><b>Witryna bufetowa SW10KP<\/b><\/p>\n<p>Witryna bufetowa to idealne miejsce na potrawy, kt&oacute;re pozwoli przechowa\u0107 je w spos&oacute;b higieniczny, zapewni\u0107 im \u015bwie\u017co\u015b\u0107 i nisk\u0105 temperatur\u0119. Dzi\u0119ki wk\u0142adom ch\u0142odz\u0105cym nie wymaga zasilania elektrycznego, co pozwala umie\u015bci\u0107 urz\u0105dzenie w dowolnym miejscu bufetu. Przezroczysta pokrywa roll top umo\u017cliwia zar&oacute;wno obustronn\u0105 obs\u0142ug\u0119, jak i bezpo\u015bredni &bdquo;podgl\u0105d&rdquo; prezentowanych pyszno\u015bci.<\/p><\/p>\n","protected":false},"excerpt":{"rendered":"<p>Witryna bufetowa SW10KP Witryna bufetowa to idealne miejsce na potrawy, kt&oacute;re pozwoli przechowa\u0107 je w spos&oacute;b higieniczny, zapewni\u0107 im \u015bwie\u017co\u015b\u0107 i nisk\u0105 temperatur\u0119. Dzi\u0119ki wk\u0142adom ch\u0142odz\u0105cym nie wymaga zasilania elektrycznego, co pozwala umie\u015bci\u0107 urz\u0105dzenie w dowolnym miejscu bufetu. Przezroczysta pokrywa roll top umo\u017cliwia zar&oacute;wno obustronn\u0105 obs\u0142ug\u0119, jak i bezpo\u015bredni &bdquo;podgl\u0105d&rdquo; prezentowanych pyszno\u015bci.<\/p>\n","protected":false},"featured_media":55988,"template":"","meta":{"_et_pb_use_builder":"","_et_pb_old_content":"","_et_gb_content_width":""},"pwb-brand":[1577],"product_brand":[],"product_cat":[288],"product_tag":[],"class_list":{"0":"post-50870","1":"product","2":"type-product","3":"status-publish","4":"has-post-thumbnail","6":"pwb-brand-bartscher","7":"product_cat-witrynki-bufetowe","9":"first","10":"instock","11":"taxable","12":"shipping-taxable","13":"purchasable","14":"product-type-simple"},"brands":[{"id":1577,"name":"Bartscher","slug":"bartscher"}],"_links":{"self":[{"href":"https:\/\/www.multifrigo.pl\/sklep\/wp-json\/wp\/v2\/product\/50870","targetHints":{"allow":["GET"]}}],"collection":[{"href":"https:\/\/www.multifrigo.pl\/sklep\/wp-json\/wp\/v2\/product"}],"about":[{"href":"https:\/\/www.multifrigo.pl\/sklep\/wp-json\/wp\/v2\/types\/product"}],"wp:featuredmedia":[{"embeddable":true,"href":"https:\/\/www.multifrigo.pl\/sklep\/wp-json\/wp\/v2\/media\/55988"}],"wp:attachment":[{"href":"https:\/\/www.multifrigo.pl\/sklep\/wp-json\/wp\/v2\/media?parent=50870"}],"wp:term":[{"taxonomy":"pwb-brand","embeddable":true,"href":"https:\/\/www.multifrigo.pl\/sklep\/wp-json\/wp\/v2\/pwb-brand?post=50870"},{"taxonomy":"product_brand","embeddable":true,"href":"https:\/\/www.multifrigo.pl\/sklep\/wp-json\/wp\/v2\/product_brand?post=50870"},{"taxonomy":"product_cat","embeddable":true,"href":"https:\/\/www.multifrigo.pl\/sklep\/wp-json\/wp\/v2\/product_cat?post=50870"},{"taxonomy":"product_tag","embeddable":true,"href":"https:\/\/www.multifrigo.pl\/sklep\/wp-json\/wp\/v2\/product_tag?post=50870"}],"curies":[{"name":"wp","href":"https:\/\/api.w.org\/{rel}","templated":true}]}}