{"id":50903,"date":"2024-09-09T08:36:29","date_gmt":"2024-09-09T08:36:29","guid":{"rendered":"https:\/\/www.multifrigo.pl\/sklep\/produkt\/witryna-chlodnicza-235l-w-bartscher-700336\/"},"modified":"2025-07-17T09:47:03","modified_gmt":"2025-07-17T09:47:03","slug":"witryna-chlodnicza-235l-w-bartscher-700336","status":"publish","type":"product","link":"https:\/\/www.multifrigo.pl\/sklep\/produkt\/witryna-chlodnicza-235l-w-bartscher-700336\/","title":{"rendered":"Witryna ch\u0142odnicza 235L-W | Bartscher 700336"},"content":{"rendered":"<p><b>Witryna ch\u0142odnicza 235L-W<\/b><\/p>\n<p>Witryna ch\u0142odnicza o du\u017cej pojemno\u015bci nadaje si\u0119 optymalnie do prezentacji towaru w ka\u017cdym pomieszczeniu, w kt\u00f3rym prowadzona jest sprzeda\u017c. Wyposa\u017cone w blokad\u0119 k\u00f3\u0142ka zapewniaj\u0105 maksymaln\u0105 elastyczno\u015b\u0107.<\/p><\/p>\n","protected":false},"excerpt":{"rendered":"<p>Witryna ch\u0142odnicza 235L-W Witryna ch\u0142odnicza o du\u017cej pojemno\u015bci nadaje si\u0119 optymalnie do prezentacji towaru w ka\u017cdym pomieszczeniu, w kt\u00f3rym prowadzona jest sprzeda\u017c. Wyposa\u017cone w blokad\u0119 k\u00f3\u0142ka zapewniaj\u0105 maksymaln\u0105 elastyczno\u015b\u0107.<\/p>\n","protected":false},"featured_media":56028,"template":"","meta":{"_et_pb_use_builder":"","_et_pb_old_content":"","_et_gb_content_width":""},"pwb-brand":[1577],"product_brand":[],"product_cat":[460],"product_tag":[],"class_list":{"0":"post-50903","1":"product","2":"type-product","3":"status-publish","4":"has-post-thumbnail","6":"pwb-brand-bartscher","7":"product_cat-witryny-chlodnicze","9":"first","10":"instock","11":"taxable","12":"shipping-taxable","13":"purchasable","14":"product-type-simple"},"brands":[{"id":1577,"name":"Bartscher","slug":"bartscher"}],"_links":{"self":[{"href":"https:\/\/www.multifrigo.pl\/sklep\/wp-json\/wp\/v2\/product\/50903","targetHints":{"allow":["GET"]}}],"collection":[{"href":"https:\/\/www.multifrigo.pl\/sklep\/wp-json\/wp\/v2\/product"}],"about":[{"href":"https:\/\/www.multifrigo.pl\/sklep\/wp-json\/wp\/v2\/types\/product"}],"wp:featuredmedia":[{"embeddable":true,"href":"https:\/\/www.multifrigo.pl\/sklep\/wp-json\/wp\/v2\/media\/56028"}],"wp:attachment":[{"href":"https:\/\/www.multifrigo.pl\/sklep\/wp-json\/wp\/v2\/media?parent=50903"}],"wp:term":[{"taxonomy":"pwb-brand","embeddable":true,"href":"https:\/\/www.multifrigo.pl\/sklep\/wp-json\/wp\/v2\/pwb-brand?post=50903"},{"taxonomy":"product_brand","embeddable":true,"href":"https:\/\/www.multifrigo.pl\/sklep\/wp-json\/wp\/v2\/product_brand?post=50903"},{"taxonomy":"product_cat","embeddable":true,"href":"https:\/\/www.multifrigo.pl\/sklep\/wp-json\/wp\/v2\/product_cat?post=50903"},{"taxonomy":"product_tag","embeddable":true,"href":"https:\/\/www.multifrigo.pl\/sklep\/wp-json\/wp\/v2\/product_tag?post=50903"}],"curies":[{"name":"wp","href":"https:\/\/api.w.org\/{rel}","templated":true}]}}