{"id":50929,"date":"2024-09-09T08:37:58","date_gmt":"2024-09-09T08:37:58","guid":{"rendered":"https:\/\/www.multifrigo.pl\/sklep\/?post_type=product&#038;p=50929"},"modified":"2025-07-17T07:45:36","modified_gmt":"2025-07-17T07:45:36","slug":"wok-indukcyjny-50-293-bartscher-105873","status":"publish","type":"product","link":"https:\/\/www.multifrigo.pl\/sklep\/produkt\/wok-indukcyjny-50-293-bartscher-105873\/","title":{"rendered":"Wok indukcyjny 50\/293 | Bartscher 105873"},"content":{"rendered":"<p><b>Wok indukcyjny 50\/293<\/b><\/p>\n<p>Wysokiej jako\u015bci przeno\u015bny wok indukcyjny o mocy 5000 W wyr&oacute;\u017cnia si\u0119 nast\u0119puj\u0105cymi cechami: wydajna cewka indukcyjna, niecka do gotowania z ceramiki szklanej EuroKera, 2 wentylatory i prosta obs\u0142uga.<\/p><\/p>\n","protected":false},"excerpt":{"rendered":"<p>Wok indukcyjny 50\/293 Wysokiej jako\u015bci przeno\u015bny wok indukcyjny o mocy 5000 W wyr&oacute;\u017cnia si\u0119 nast\u0119puj\u0105cymi cechami: wydajna cewka indukcyjna, niecka do gotowania z ceramiki szklanej EuroKera, 2 wentylatory i prosta obs\u0142uga.<\/p>\n","protected":false},"featured_media":56285,"template":"","meta":{"_et_pb_use_builder":"","_et_pb_old_content":"","_et_gb_content_width":""},"pwb-brand":[1577],"product_brand":[],"product_cat":[2591],"product_tag":[],"class_list":{"0":"post-50929","1":"product","2":"type-product","3":"status-publish","4":"has-post-thumbnail","6":"pwb-brand-bartscher","7":"product_cat-kuchenki-indukcyjne-kuchenki-nastawne","9":"first","10":"instock","11":"taxable","12":"shipping-taxable","13":"purchasable","14":"product-type-simple"},"brands":[{"id":1577,"name":"Bartscher","slug":"bartscher"}],"_links":{"self":[{"href":"https:\/\/www.multifrigo.pl\/sklep\/wp-json\/wp\/v2\/product\/50929","targetHints":{"allow":["GET"]}}],"collection":[{"href":"https:\/\/www.multifrigo.pl\/sklep\/wp-json\/wp\/v2\/product"}],"about":[{"href":"https:\/\/www.multifrigo.pl\/sklep\/wp-json\/wp\/v2\/types\/product"}],"wp:featuredmedia":[{"embeddable":true,"href":"https:\/\/www.multifrigo.pl\/sklep\/wp-json\/wp\/v2\/media\/56285"}],"wp:attachment":[{"href":"https:\/\/www.multifrigo.pl\/sklep\/wp-json\/wp\/v2\/media?parent=50929"}],"wp:term":[{"taxonomy":"pwb-brand","embeddable":true,"href":"https:\/\/www.multifrigo.pl\/sklep\/wp-json\/wp\/v2\/pwb-brand?post=50929"},{"taxonomy":"product_brand","embeddable":true,"href":"https:\/\/www.multifrigo.pl\/sklep\/wp-json\/wp\/v2\/product_brand?post=50929"},{"taxonomy":"product_cat","embeddable":true,"href":"https:\/\/www.multifrigo.pl\/sklep\/wp-json\/wp\/v2\/product_cat?post=50929"},{"taxonomy":"product_tag","embeddable":true,"href":"https:\/\/www.multifrigo.pl\/sklep\/wp-json\/wp\/v2\/product_tag?post=50929"}],"curies":[{"name":"wp","href":"https:\/\/api.w.org\/{rel}","templated":true}]}}