{"id":50930,"date":"2024-09-09T08:38:00","date_gmt":"2024-09-09T08:38:00","guid":{"rendered":"https:\/\/www.multifrigo.pl\/sklep\/produkt\/witryna-chlodnicza-mini-78l-we-l-bartscher-700978\/"},"modified":"2025-07-17T09:50:03","modified_gmt":"2025-07-17T09:50:03","slug":"witryna-chlodnicza-mini-78l-we-l-bartscher-700978","status":"publish","type":"product","link":"https:\/\/www.multifrigo.pl\/sklep\/produkt\/witryna-chlodnicza-mini-78l-we-l-bartscher-700978\/","title":{"rendered":"Witryna ch\u0142odnicza Mini 78L-WE\/L | Bartscher 700978"},"content":{"rendered":"<p><b>Witryna ch\u0142odnicza Mini 78L-WE\/L<\/b><\/p>\n<p>Kompaktowa witryna ch\u0142odnicza o pojemno\u015bci 78 litr\u00f3w sprawdzi si\u0119 w miejscach o wysokiej wilgotno\u015bci powietrza. Specjalnie przystosowana wentylacja zapobiega parowaniu szyb dzi\u0119ki odprowadzaniu ciep\u0142ego powietrza. Rozmieszczenie szczelin wentylacyjnych zapewnia jednocze\u015bnie swobodny widok na ca\u0142ej wysoko\u015bci.<\/p><\/p>\n","protected":false},"excerpt":{"rendered":"<p>Witryna ch\u0142odnicza Mini 78L-WE\/L Kompaktowa witryna ch\u0142odnicza o pojemno\u015bci 78 litr\u00f3w sprawdzi si\u0119 w miejscach o wysokiej wilgotno\u015bci powietrza. Specjalnie przystosowana wentylacja zapobiega parowaniu szyb dzi\u0119ki odprowadzaniu ciep\u0142ego powietrza. Rozmieszczenie szczelin wentylacyjnych zapewnia jednocze\u015bnie swobodny widok na ca\u0142ej wysoko\u015bci.<\/p>\n","protected":false},"featured_media":56112,"template":"","meta":{"_et_pb_use_builder":"","_et_pb_old_content":"","_et_gb_content_width":""},"pwb-brand":[1577],"product_brand":[],"product_cat":[460],"product_tag":[],"class_list":{"0":"post-50930","1":"product","2":"type-product","3":"status-publish","4":"has-post-thumbnail","6":"pwb-brand-bartscher","7":"product_cat-witryny-chlodnicze","9":"first","10":"instock","11":"taxable","12":"shipping-taxable","13":"purchasable","14":"product-type-simple"},"brands":[{"id":1577,"name":"Bartscher","slug":"bartscher"}],"_links":{"self":[{"href":"https:\/\/www.multifrigo.pl\/sklep\/wp-json\/wp\/v2\/product\/50930","targetHints":{"allow":["GET"]}}],"collection":[{"href":"https:\/\/www.multifrigo.pl\/sklep\/wp-json\/wp\/v2\/product"}],"about":[{"href":"https:\/\/www.multifrigo.pl\/sklep\/wp-json\/wp\/v2\/types\/product"}],"wp:featuredmedia":[{"embeddable":true,"href":"https:\/\/www.multifrigo.pl\/sklep\/wp-json\/wp\/v2\/media\/56112"}],"wp:attachment":[{"href":"https:\/\/www.multifrigo.pl\/sklep\/wp-json\/wp\/v2\/media?parent=50930"}],"wp:term":[{"taxonomy":"pwb-brand","embeddable":true,"href":"https:\/\/www.multifrigo.pl\/sklep\/wp-json\/wp\/v2\/pwb-brand?post=50930"},{"taxonomy":"product_brand","embeddable":true,"href":"https:\/\/www.multifrigo.pl\/sklep\/wp-json\/wp\/v2\/product_brand?post=50930"},{"taxonomy":"product_cat","embeddable":true,"href":"https:\/\/www.multifrigo.pl\/sklep\/wp-json\/wp\/v2\/product_cat?post=50930"},{"taxonomy":"product_tag","embeddable":true,"href":"https:\/\/www.multifrigo.pl\/sklep\/wp-json\/wp\/v2\/product_tag?post=50930"}],"curies":[{"name":"wp","href":"https:\/\/api.w.org\/{rel}","templated":true}]}}