{"id":50944,"date":"2024-09-09T08:38:48","date_gmt":"2024-09-09T08:38:48","guid":{"rendered":"https:\/\/www.multifrigo.pl\/sklep\/produkt\/witryna-chlodnicza-mini-98l-sw-bartscher-700398g\/"},"modified":"2025-07-17T09:47:44","modified_gmt":"2025-07-17T09:47:44","slug":"witryna-chlodnicza-mini-98l-sw-bartscher-700398g","status":"publish","type":"product","link":"https:\/\/www.multifrigo.pl\/sklep\/produkt\/witryna-chlodnicza-mini-98l-sw-bartscher-700398g\/","title":{"rendered":"Witryna ch\u0142odnicza Mini 98L-SW | Bartscher 700398G"},"content":{"rendered":"<p><b>Witryna ch\u0142odnicza Mini 98L-SW<\/b><\/p>\n<p>Kompaktowa witryna ch\u0142odnicza w wersji czarnej o pojemno\u015bci 98 litr\u00f3w wyr\u00f3\u017cnia si\u0119 zastosowaniem ekologicznego czynnika ch\u0142odniczego oraz trwa\u0142ym i zapewniaj\u0105cym wydajno\u015b\u0107 wykonaniem.<\/p>\n","protected":false},"excerpt":{"rendered":"<p>Witryna ch\u0142odnicza Mini 98L-SW Kompaktowa witryna ch\u0142odnicza w wersji czarnej o pojemno\u015bci 98 litr\u00f3w wyr\u00f3\u017cnia si\u0119 zastosowaniem ekologicznego czynnika ch\u0142odniczego oraz trwa\u0142ym i zapewniaj\u0105cym wydajno\u015b\u0107 wykonaniem.<\/p>\n","protected":false},"featured_media":56153,"template":"","meta":{"_et_pb_use_builder":"","_et_pb_old_content":"","_et_gb_content_width":""},"pwb-brand":[1577],"product_brand":[],"product_cat":[460],"product_tag":[],"class_list":{"0":"post-50944","1":"product","2":"type-product","3":"status-publish","4":"has-post-thumbnail","6":"pwb-brand-bartscher","7":"product_cat-witryny-chlodnicze","9":"first","10":"instock","11":"taxable","12":"shipping-taxable","13":"purchasable","14":"product-type-simple"},"brands":[{"id":1577,"name":"Bartscher","slug":"bartscher"}],"_links":{"self":[{"href":"https:\/\/www.multifrigo.pl\/sklep\/wp-json\/wp\/v2\/product\/50944","targetHints":{"allow":["GET"]}}],"collection":[{"href":"https:\/\/www.multifrigo.pl\/sklep\/wp-json\/wp\/v2\/product"}],"about":[{"href":"https:\/\/www.multifrigo.pl\/sklep\/wp-json\/wp\/v2\/types\/product"}],"wp:featuredmedia":[{"embeddable":true,"href":"https:\/\/www.multifrigo.pl\/sklep\/wp-json\/wp\/v2\/media\/56153"}],"wp:attachment":[{"href":"https:\/\/www.multifrigo.pl\/sklep\/wp-json\/wp\/v2\/media?parent=50944"}],"wp:term":[{"taxonomy":"pwb-brand","embeddable":true,"href":"https:\/\/www.multifrigo.pl\/sklep\/wp-json\/wp\/v2\/pwb-brand?post=50944"},{"taxonomy":"product_brand","embeddable":true,"href":"https:\/\/www.multifrigo.pl\/sklep\/wp-json\/wp\/v2\/product_brand?post=50944"},{"taxonomy":"product_cat","embeddable":true,"href":"https:\/\/www.multifrigo.pl\/sklep\/wp-json\/wp\/v2\/product_cat?post=50944"},{"taxonomy":"product_tag","embeddable":true,"href":"https:\/\/www.multifrigo.pl\/sklep\/wp-json\/wp\/v2\/product_tag?post=50944"}],"curies":[{"name":"wp","href":"https:\/\/api.w.org\/{rel}","templated":true}]}}