{"id":50981,"date":"2024-09-09T08:40:54","date_gmt":"2024-09-09T08:40:54","guid":{"rendered":"https:\/\/www.multifrigo.pl\/sklep\/produkt\/witryna-grzewcza-gn3110-r-bartscher-305068\/"},"modified":"2025-07-17T09:38:15","modified_gmt":"2025-07-17T09:38:15","slug":"witryna-grzewcza-gn3110-r-bartscher-305068","status":"publish","type":"product","link":"https:\/\/www.multifrigo.pl\/sklep\/produkt\/witryna-grzewcza-gn3110-r-bartscher-305068\/","title":{"rendered":"Witryna grzewcza GN3110-R | Bartscher 305068"},"content":{"rendered":"<p><b>Witryna grzewcza GN3110-R<\/b><\/p>\n<p>Przyrz\u0105dzone potrawy prezentuj\u0105 si\u0119 doskonale przy wydawaniu dzi\u0119ki wysokiej jako\u015bci wykonaniu i o\u015bwietleniu wewn\u0119trznemu. Indywidualne wyposa\u017cenie w 3x pojemnik 1\/1 GN oraz p\u00f3\u0142k\u0119 oferuje szerokie mo\u017cliwo\u015bci zastosowania witryny grzewczej, doskonale dopasowane do potrzeb. Odchylana szyba przednia oraz wyjmowana szuflada na skropliny umo\u017cliwiaj\u0105 \u0142atwe czyszczenie.<\/p><\/p>\n","protected":false},"excerpt":{"rendered":"<p>Witryna grzewcza GN3110-R Przyrz\u0105dzone potrawy prezentuj\u0105 si\u0119 doskonale przy wydawaniu dzi\u0119ki wysokiej jako\u015bci wykonaniu i o\u015bwietleniu wewn\u0119trznemu. Indywidualne wyposa\u017cenie w 3x pojemnik 1\/1 GN oraz p\u00f3\u0142k\u0119 oferuje szerokie mo\u017cliwo\u015bci zastosowania witryny grzewczej, doskonale dopasowane do potrzeb. Odchylana szyba przednia oraz wyjmowana szuflada na skropliny umo\u017cliwiaj\u0105 \u0142atwe czyszczenie.<\/p>\n","protected":false},"featured_media":56258,"template":"","meta":{"_et_pb_use_builder":"","_et_pb_old_content":"","_et_gb_content_width":""},"pwb-brand":[1577],"product_brand":[],"product_cat":[531],"product_tag":[],"class_list":{"0":"post-50981","1":"product","2":"type-product","3":"status-publish","4":"has-post-thumbnail","6":"pwb-brand-bartscher","7":"product_cat-witryny-grzewcze","9":"first","10":"instock","11":"taxable","12":"shipping-taxable","13":"purchasable","14":"product-type-simple"},"brands":[{"id":1577,"name":"Bartscher","slug":"bartscher"}],"_links":{"self":[{"href":"https:\/\/www.multifrigo.pl\/sklep\/wp-json\/wp\/v2\/product\/50981","targetHints":{"allow":["GET"]}}],"collection":[{"href":"https:\/\/www.multifrigo.pl\/sklep\/wp-json\/wp\/v2\/product"}],"about":[{"href":"https:\/\/www.multifrigo.pl\/sklep\/wp-json\/wp\/v2\/types\/product"}],"wp:featuredmedia":[{"embeddable":true,"href":"https:\/\/www.multifrigo.pl\/sklep\/wp-json\/wp\/v2\/media\/56258"}],"wp:attachment":[{"href":"https:\/\/www.multifrigo.pl\/sklep\/wp-json\/wp\/v2\/media?parent=50981"}],"wp:term":[{"taxonomy":"pwb-brand","embeddable":true,"href":"https:\/\/www.multifrigo.pl\/sklep\/wp-json\/wp\/v2\/pwb-brand?post=50981"},{"taxonomy":"product_brand","embeddable":true,"href":"https:\/\/www.multifrigo.pl\/sklep\/wp-json\/wp\/v2\/product_brand?post=50981"},{"taxonomy":"product_cat","embeddable":true,"href":"https:\/\/www.multifrigo.pl\/sklep\/wp-json\/wp\/v2\/product_cat?post=50981"},{"taxonomy":"product_tag","embeddable":true,"href":"https:\/\/www.multifrigo.pl\/sklep\/wp-json\/wp\/v2\/product_tag?post=50981"}],"curies":[{"name":"wp","href":"https:\/\/api.w.org\/{rel}","templated":true}]}}