{"id":51021,"date":"2024-09-09T08:43:11","date_gmt":"2024-09-09T08:43:11","guid":{"rendered":"https:\/\/www.multifrigo.pl\/sklep\/produkt\/wozek-bufetowy-grzewczy-3x-1-1gn-bartscher-125614\/"},"modified":"2025-07-17T08:38:42","modified_gmt":"2025-07-17T08:38:42","slug":"wozek-bufetowy-grzewczy-3x-1-1gn-bartscher-125614","status":"publish","type":"product","link":"https:\/\/www.multifrigo.pl\/sklep\/produkt\/wozek-bufetowy-grzewczy-3x-1-1gn-bartscher-125614\/","title":{"rendered":"W\u00f3zek bufetowy, grzewczy, 3x 1\/1GN | Bartscher 125614"},"content":{"rendered":"<p><b>W\u00f3zek bufetowy, grzewczy, 3x 1\/1GN<\/b><\/p>\n<p>Perfekcyjna prezentacja gor\u0105cych potraw.<\/p>\n<p>W&oacute;zek bufetowy posiada zintegrowane o\u015bwietlenie, os\u0142on\u0119 higieniczn\u0105 z funkcj\u0105 p&oacute;\u0142ki oraz k&oacute;\u0142ka umo\u017cliwiaj\u0105ce wygodny transport. Jednym s\u0142owem: idealne wyposa\u017cenie.<\/p><\/p>\n","protected":false},"excerpt":{"rendered":"<p>W\u00f3zek bufetowy, grzewczy, 3x 1\/1GN Perfekcyjna prezentacja gor\u0105cych potraw. W&oacute;zek bufetowy posiada zintegrowane o\u015bwietlenie, os\u0142on\u0119 higieniczn\u0105 z funkcj\u0105 p&oacute;\u0142ki oraz k&oacute;\u0142ka umo\u017cliwiaj\u0105ce wygodny transport. Jednym s\u0142owem: idealne wyposa\u017cenie.<\/p>\n","protected":false},"featured_media":56360,"template":"","meta":{"_et_pb_use_builder":"","_et_pb_old_content":"","_et_gb_content_width":""},"pwb-brand":[1577],"product_brand":[],"product_cat":[4132],"product_tag":[],"class_list":{"0":"post-51021","1":"product","2":"type-product","3":"status-publish","4":"has-post-thumbnail","6":"pwb-brand-bartscher","7":"product_cat-wozki-bufetowe","9":"first","10":"instock","11":"taxable","12":"shipping-taxable","13":"purchasable","14":"product-type-simple"},"brands":[{"id":1577,"name":"Bartscher","slug":"bartscher"}],"_links":{"self":[{"href":"https:\/\/www.multifrigo.pl\/sklep\/wp-json\/wp\/v2\/product\/51021","targetHints":{"allow":["GET"]}}],"collection":[{"href":"https:\/\/www.multifrigo.pl\/sklep\/wp-json\/wp\/v2\/product"}],"about":[{"href":"https:\/\/www.multifrigo.pl\/sklep\/wp-json\/wp\/v2\/types\/product"}],"wp:featuredmedia":[{"embeddable":true,"href":"https:\/\/www.multifrigo.pl\/sklep\/wp-json\/wp\/v2\/media\/56360"}],"wp:attachment":[{"href":"https:\/\/www.multifrigo.pl\/sklep\/wp-json\/wp\/v2\/media?parent=51021"}],"wp:term":[{"taxonomy":"pwb-brand","embeddable":true,"href":"https:\/\/www.multifrigo.pl\/sklep\/wp-json\/wp\/v2\/pwb-brand?post=51021"},{"taxonomy":"product_brand","embeddable":true,"href":"https:\/\/www.multifrigo.pl\/sklep\/wp-json\/wp\/v2\/product_brand?post=51021"},{"taxonomy":"product_cat","embeddable":true,"href":"https:\/\/www.multifrigo.pl\/sklep\/wp-json\/wp\/v2\/product_cat?post=51021"},{"taxonomy":"product_tag","embeddable":true,"href":"https:\/\/www.multifrigo.pl\/sklep\/wp-json\/wp\/v2\/product_tag?post=51021"}],"curies":[{"name":"wp","href":"https:\/\/api.w.org\/{rel}","templated":true}]}}