{"id":51066,"date":"2024-09-09T08:45:39","date_gmt":"2024-09-09T08:45:39","guid":{"rendered":"https:\/\/www.multifrigo.pl\/sklep\/produkt\/wozek-bufetowy-w4110-200a-bartscher-125634v2\/"},"modified":"2025-07-17T08:39:45","modified_gmt":"2025-07-17T08:39:45","slug":"wozek-bufetowy-w4110-200a-bartscher-125634v2","status":"publish","type":"product","link":"https:\/\/www.multifrigo.pl\/sklep\/produkt\/wozek-bufetowy-w4110-200a-bartscher-125634v2\/","title":{"rendered":"W\u00f3zek bufetowy W4110-200A | Bartscher 125634V2"},"content":{"rendered":"<p><b>W\u00f3zek bufetowy W4110-200A<\/b><\/p>\n<p>Mobilne rozwi\u0105zanie bufetowe o nowoczesnym designie drewna \u2013 w\u00f3zek bufetowy z os\u0142on\u0105 higieniczn\u0105 i o\u015bwietleniem LED jest w stanie pomie\u015bci\u0107 4 pojemniki 1\/1 GN, a dzi\u0119ki wykorzystaniu zasady k\u0105pieli wodnej potrawy w bufecie pozostan\u0105 ciep\u0142e i kusz\u0105ce dla oka.<\/p><\/p>\n","protected":false},"excerpt":{"rendered":"<p>W\u00f3zek bufetowy W4110-200A Mobilne rozwi\u0105zanie bufetowe o nowoczesnym designie drewna \u2013 w\u00f3zek bufetowy z os\u0142on\u0105 higieniczn\u0105 i o\u015bwietleniem LED jest w stanie pomie\u015bci\u0107 4 pojemniki 1\/1 GN, a dzi\u0119ki wykorzystaniu zasady k\u0105pieli wodnej potrawy w bufecie pozostan\u0105 ciep\u0142e i kusz\u0105ce dla oka.<\/p>\n","protected":false},"featured_media":56495,"template":"","meta":{"_et_pb_use_builder":"","_et_pb_old_content":"","_et_gb_content_width":""},"pwb-brand":[1577],"product_brand":[],"product_cat":[4132],"product_tag":[],"class_list":{"0":"post-51066","1":"product","2":"type-product","3":"status-publish","4":"has-post-thumbnail","6":"pwb-brand-bartscher","7":"product_cat-wozki-bufetowe","9":"first","10":"instock","11":"taxable","12":"shipping-taxable","13":"purchasable","14":"product-type-simple"},"brands":[{"id":1577,"name":"Bartscher","slug":"bartscher"}],"_links":{"self":[{"href":"https:\/\/www.multifrigo.pl\/sklep\/wp-json\/wp\/v2\/product\/51066","targetHints":{"allow":["GET"]}}],"collection":[{"href":"https:\/\/www.multifrigo.pl\/sklep\/wp-json\/wp\/v2\/product"}],"about":[{"href":"https:\/\/www.multifrigo.pl\/sklep\/wp-json\/wp\/v2\/types\/product"}],"wp:featuredmedia":[{"embeddable":true,"href":"https:\/\/www.multifrigo.pl\/sklep\/wp-json\/wp\/v2\/media\/56495"}],"wp:attachment":[{"href":"https:\/\/www.multifrigo.pl\/sklep\/wp-json\/wp\/v2\/media?parent=51066"}],"wp:term":[{"taxonomy":"pwb-brand","embeddable":true,"href":"https:\/\/www.multifrigo.pl\/sklep\/wp-json\/wp\/v2\/pwb-brand?post=51066"},{"taxonomy":"product_brand","embeddable":true,"href":"https:\/\/www.multifrigo.pl\/sklep\/wp-json\/wp\/v2\/product_brand?post=51066"},{"taxonomy":"product_cat","embeddable":true,"href":"https:\/\/www.multifrigo.pl\/sklep\/wp-json\/wp\/v2\/product_cat?post=51066"},{"taxonomy":"product_tag","embeddable":true,"href":"https:\/\/www.multifrigo.pl\/sklep\/wp-json\/wp\/v2\/product_tag?post=51066"}],"curies":[{"name":"wp","href":"https:\/\/api.w.org\/{rel}","templated":true}]}}