{"id":51069,"date":"2024-09-09T08:45:57","date_gmt":"2024-09-09T08:45:57","guid":{"rendered":"https:\/\/www.multifrigo.pl\/sklep\/produkt\/wozek-do-serwowania-ts-adjutant-bartscher-a300049\/"},"modified":"2025-07-17T10:04:57","modified_gmt":"2025-07-17T10:04:57","slug":"wozek-do-serwowania-ts-adjutant-bartscher-a300049","status":"publish","type":"product","link":"https:\/\/www.multifrigo.pl\/sklep\/produkt\/wozek-do-serwowania-ts-adjutant-bartscher-a300049\/","title":{"rendered":"W\u00f3zek do serwowania TS &#8222;Adjutant&#8221; | Bartscher A300049"},"content":{"rendered":"<p><b>W\u00f3zek do serwowania TS &#8222;Adjutant&#8221;<\/b><\/p>\n<p>Szybkie i higieniczne sprz\u0105tanie przy u\u017cyciu praktycznego w\u00f3zka do sprz\u0105tania. Przystosowany w szczeg\u00f3lno\u015bci do u\u017cytku w gastronomii, na sto\u0142\u00f3wkach, w hotelach i szpitalach.<\/p><\/p>\n","protected":false},"excerpt":{"rendered":"<p>W\u00f3zek do serwowania TS &#8222;Adjutant&#8221; Szybkie i higieniczne sprz\u0105tanie przy u\u017cyciu praktycznego w\u00f3zka do sprz\u0105tania. Przystosowany w szczeg\u00f3lno\u015bci do u\u017cytku w gastronomii, na sto\u0142\u00f3wkach, w hotelach i szpitalach.<\/p>\n","protected":false},"featured_media":56521,"template":"","meta":{"_et_pb_use_builder":"","_et_pb_old_content":"","_et_gb_content_width":""},"pwb-brand":[1577],"product_brand":[],"product_cat":[629],"product_tag":[],"class_list":{"0":"post-51069","1":"product","2":"type-product","3":"status-publish","4":"has-post-thumbnail","6":"pwb-brand-bartscher","7":"product_cat-kelnerskie","9":"first","10":"instock","11":"taxable","12":"shipping-taxable","13":"purchasable","14":"product-type-simple"},"brands":[{"id":1577,"name":"Bartscher","slug":"bartscher"}],"_links":{"self":[{"href":"https:\/\/www.multifrigo.pl\/sklep\/wp-json\/wp\/v2\/product\/51069","targetHints":{"allow":["GET"]}}],"collection":[{"href":"https:\/\/www.multifrigo.pl\/sklep\/wp-json\/wp\/v2\/product"}],"about":[{"href":"https:\/\/www.multifrigo.pl\/sklep\/wp-json\/wp\/v2\/types\/product"}],"wp:featuredmedia":[{"embeddable":true,"href":"https:\/\/www.multifrigo.pl\/sklep\/wp-json\/wp\/v2\/media\/56521"}],"wp:attachment":[{"href":"https:\/\/www.multifrigo.pl\/sklep\/wp-json\/wp\/v2\/media?parent=51069"}],"wp:term":[{"taxonomy":"pwb-brand","embeddable":true,"href":"https:\/\/www.multifrigo.pl\/sklep\/wp-json\/wp\/v2\/pwb-brand?post=51069"},{"taxonomy":"product_brand","embeddable":true,"href":"https:\/\/www.multifrigo.pl\/sklep\/wp-json\/wp\/v2\/product_brand?post=51069"},{"taxonomy":"product_cat","embeddable":true,"href":"https:\/\/www.multifrigo.pl\/sklep\/wp-json\/wp\/v2\/product_cat?post=51069"},{"taxonomy":"product_tag","embeddable":true,"href":"https:\/\/www.multifrigo.pl\/sklep\/wp-json\/wp\/v2\/product_tag?post=51069"}],"curies":[{"name":"wp","href":"https:\/\/api.w.org\/{rel}","templated":true}]}}