{"id":51104,"date":"2024-09-09T08:47:45","date_gmt":"2024-09-09T08:47:45","guid":{"rendered":"https:\/\/www.multifrigo.pl\/sklep\/produkt\/wozek-gastronomiczny-aen700-6040-bartscher-300089\/"},"modified":"2025-07-17T09:34:37","modified_gmt":"2025-07-17T09:34:37","slug":"wozek-gastronomiczny-aen700-6040-bartscher-300089","status":"publish","type":"product","link":"https:\/\/www.multifrigo.pl\/sklep\/produkt\/wozek-gastronomiczny-aen700-6040-bartscher-300089\/","title":{"rendered":"W\u00f3zek gastronomiczny AEN700-6040 | Bartscher 300089"},"content":{"rendered":"<p><b>W\u00f3zek gastronomiczny AEN700-6040<\/b><\/p>\n<p>Sprz\u0105tanie w du\u017cym formacie 600 x 400 &ndash; obustronna blokada pojemnik&oacute;w jest \u0142atwa w obs\u0142udze i stanowi pewne zabezpieczenie pojemnik&oacute;w w sta\u0142ej pozycji.<\/p><\/p>\n","protected":false},"excerpt":{"rendered":"<p>W\u00f3zek gastronomiczny AEN700-6040 Sprz\u0105tanie w du\u017cym formacie 600 x 400 &ndash; obustronna blokada pojemnik&oacute;w jest \u0142atwa w obs\u0142udze i stanowi pewne zabezpieczenie pojemnik&oacute;w w sta\u0142ej pozycji.<\/p>\n","protected":false},"featured_media":56562,"template":"","meta":{"_et_pb_use_builder":"","_et_pb_old_content":"","_et_gb_content_width":""},"pwb-brand":[1577],"product_brand":[],"product_cat":[89],"product_tag":[],"class_list":{"0":"post-51104","1":"product","2":"type-product","3":"status-publish","4":"has-post-thumbnail","6":"pwb-brand-bartscher","7":"product_cat-platformowe","9":"first","10":"instock","11":"taxable","12":"shipping-taxable","13":"purchasable","14":"product-type-simple"},"brands":[{"id":1577,"name":"Bartscher","slug":"bartscher"}],"_links":{"self":[{"href":"https:\/\/www.multifrigo.pl\/sklep\/wp-json\/wp\/v2\/product\/51104","targetHints":{"allow":["GET"]}}],"collection":[{"href":"https:\/\/www.multifrigo.pl\/sklep\/wp-json\/wp\/v2\/product"}],"about":[{"href":"https:\/\/www.multifrigo.pl\/sklep\/wp-json\/wp\/v2\/types\/product"}],"wp:featuredmedia":[{"embeddable":true,"href":"https:\/\/www.multifrigo.pl\/sklep\/wp-json\/wp\/v2\/media\/56562"}],"wp:attachment":[{"href":"https:\/\/www.multifrigo.pl\/sklep\/wp-json\/wp\/v2\/media?parent=51104"}],"wp:term":[{"taxonomy":"pwb-brand","embeddable":true,"href":"https:\/\/www.multifrigo.pl\/sklep\/wp-json\/wp\/v2\/pwb-brand?post=51104"},{"taxonomy":"product_brand","embeddable":true,"href":"https:\/\/www.multifrigo.pl\/sklep\/wp-json\/wp\/v2\/product_brand?post=51104"},{"taxonomy":"product_cat","embeddable":true,"href":"https:\/\/www.multifrigo.pl\/sklep\/wp-json\/wp\/v2\/product_cat?post=51104"},{"taxonomy":"product_tag","embeddable":true,"href":"https:\/\/www.multifrigo.pl\/sklep\/wp-json\/wp\/v2\/product_tag?post=51104"}],"curies":[{"name":"wp","href":"https:\/\/api.w.org\/{rel}","templated":true}]}}