{"id":51105,"date":"2024-09-09T08:47:49","date_gmt":"2024-09-09T08:47:49","guid":{"rendered":"https:\/\/www.multifrigo.pl\/sklep\/produkt\/wozek-gastronomiczny-agn1000-1-1-bartscher-300186\/"},"modified":"2025-07-17T09:35:33","modified_gmt":"2025-07-17T09:35:33","slug":"wozek-gastronomiczny-agn1000-1-1-bartscher-300186","status":"publish","type":"product","link":"https:\/\/www.multifrigo.pl\/sklep\/produkt\/wozek-gastronomiczny-agn1000-1-1-bartscher-300186\/","title":{"rendered":"W\u00f3zek gastronomiczny AGN1000-1\/1 | Bartscher 300186"},"content":{"rendered":"<p><b>W\u00f3zek gastronomiczny AGN1000-1\/1<\/b><\/p>\n<p>Bezpieczny transport pojemnik\u00f3w GN, ruszt\u00f3w i blach maks. 1\/1 GN na 10 parach prowadnic. Dzi\u0119ki dodatkowej powierzchni do odstawiania z zabezpieczeniem transportowym r\u00f3wnie\u017c dzbanki, szklanki i butelki znajd\u0105 bezpieczne miejsce.<\/p><\/p>\n","protected":false},"excerpt":{"rendered":"<p>W\u00f3zek gastronomiczny AGN1000-1\/1 Bezpieczny transport pojemnik\u00f3w GN, ruszt\u00f3w i blach maks. 1\/1 GN na 10 parach prowadnic. Dzi\u0119ki dodatkowej powierzchni do odstawiania z zabezpieczeniem transportowym r\u00f3wnie\u017c dzbanki, szklanki i butelki znajd\u0105 bezpieczne miejsce.<\/p>\n","protected":false},"featured_media":56568,"template":"","meta":{"_et_pb_use_builder":"","_et_pb_old_content":"","_et_gb_content_width":""},"pwb-brand":[1577],"product_brand":[],"product_cat":[89],"product_tag":[],"class_list":{"0":"post-51105","1":"product","2":"type-product","3":"status-publish","4":"has-post-thumbnail","6":"pwb-brand-bartscher","7":"product_cat-platformowe","9":"first","10":"instock","11":"taxable","12":"shipping-taxable","13":"purchasable","14":"product-type-simple"},"brands":[{"id":1577,"name":"Bartscher","slug":"bartscher"}],"_links":{"self":[{"href":"https:\/\/www.multifrigo.pl\/sklep\/wp-json\/wp\/v2\/product\/51105","targetHints":{"allow":["GET"]}}],"collection":[{"href":"https:\/\/www.multifrigo.pl\/sklep\/wp-json\/wp\/v2\/product"}],"about":[{"href":"https:\/\/www.multifrigo.pl\/sklep\/wp-json\/wp\/v2\/types\/product"}],"wp:featuredmedia":[{"embeddable":true,"href":"https:\/\/www.multifrigo.pl\/sklep\/wp-json\/wp\/v2\/media\/56568"}],"wp:attachment":[{"href":"https:\/\/www.multifrigo.pl\/sklep\/wp-json\/wp\/v2\/media?parent=51105"}],"wp:term":[{"taxonomy":"pwb-brand","embeddable":true,"href":"https:\/\/www.multifrigo.pl\/sklep\/wp-json\/wp\/v2\/pwb-brand?post=51105"},{"taxonomy":"product_brand","embeddable":true,"href":"https:\/\/www.multifrigo.pl\/sklep\/wp-json\/wp\/v2\/product_brand?post=51105"},{"taxonomy":"product_cat","embeddable":true,"href":"https:\/\/www.multifrigo.pl\/sklep\/wp-json\/wp\/v2\/product_cat?post=51105"},{"taxonomy":"product_tag","embeddable":true,"href":"https:\/\/www.multifrigo.pl\/sklep\/wp-json\/wp\/v2\/product_tag?post=51105"}],"curies":[{"name":"wp","href":"https:\/\/api.w.org\/{rel}","templated":true}]}}