{"id":51115,"date":"2024-09-09T08:48:24","date_gmt":"2024-09-09T08:48:24","guid":{"rendered":"https:\/\/www.multifrigo.pl\/sklep\/produkt\/wozek-gastronomiczny-agn700-1-1-bartscher-300098\/"},"modified":"2025-07-17T09:34:45","modified_gmt":"2025-07-17T09:34:45","slug":"wozek-gastronomiczny-agn700-1-1-bartscher-300098","status":"publish","type":"product","link":"https:\/\/www.multifrigo.pl\/sklep\/produkt\/wozek-gastronomiczny-agn700-1-1-bartscher-300098\/","title":{"rendered":"W\u00f3zek gastronomiczny AGN700-1\/1 | Bartscher 300098"},"content":{"rendered":"<p><b>W\u00f3zek gastronomiczny AGN700-1\/1<\/b><\/p>\n<p>W&oacute;zek do sprz\u0105tania z 7 parami prowadnic i dodatkow\u0105 p&oacute;\u0142k\u0105 do wykorzystania. Przesuwanie pojemnik&oacute;w skutecznie uniemo\u017cliwia obustronna blokada.<\/p><\/p>\n","protected":false},"excerpt":{"rendered":"<p>W\u00f3zek gastronomiczny AGN700-1\/1 W&oacute;zek do sprz\u0105tania z 7 parami prowadnic i dodatkow\u0105 p&oacute;\u0142k\u0105 do wykorzystania. Przesuwanie pojemnik&oacute;w skutecznie uniemo\u017cliwia obustronna blokada.<\/p>\n","protected":false},"featured_media":56586,"template":"","meta":{"_et_pb_use_builder":"","_et_pb_old_content":"","_et_gb_content_width":""},"pwb-brand":[1577],"product_brand":[],"product_cat":[89],"product_tag":[],"class_list":{"0":"post-51115","1":"product","2":"type-product","3":"status-publish","4":"has-post-thumbnail","6":"pwb-brand-bartscher","7":"product_cat-platformowe","9":"first","10":"instock","11":"taxable","12":"shipping-taxable","13":"purchasable","14":"product-type-simple"},"brands":[{"id":1577,"name":"Bartscher","slug":"bartscher"}],"_links":{"self":[{"href":"https:\/\/www.multifrigo.pl\/sklep\/wp-json\/wp\/v2\/product\/51115","targetHints":{"allow":["GET"]}}],"collection":[{"href":"https:\/\/www.multifrigo.pl\/sklep\/wp-json\/wp\/v2\/product"}],"about":[{"href":"https:\/\/www.multifrigo.pl\/sklep\/wp-json\/wp\/v2\/types\/product"}],"wp:featuredmedia":[{"embeddable":true,"href":"https:\/\/www.multifrigo.pl\/sklep\/wp-json\/wp\/v2\/media\/56586"}],"wp:attachment":[{"href":"https:\/\/www.multifrigo.pl\/sklep\/wp-json\/wp\/v2\/media?parent=51115"}],"wp:term":[{"taxonomy":"pwb-brand","embeddable":true,"href":"https:\/\/www.multifrigo.pl\/sklep\/wp-json\/wp\/v2\/pwb-brand?post=51115"},{"taxonomy":"product_brand","embeddable":true,"href":"https:\/\/www.multifrigo.pl\/sklep\/wp-json\/wp\/v2\/product_brand?post=51115"},{"taxonomy":"product_cat","embeddable":true,"href":"https:\/\/www.multifrigo.pl\/sklep\/wp-json\/wp\/v2\/product_cat?post=51115"},{"taxonomy":"product_tag","embeddable":true,"href":"https:\/\/www.multifrigo.pl\/sklep\/wp-json\/wp\/v2\/product_tag?post=51115"}],"curies":[{"name":"wp","href":"https:\/\/api.w.org\/{rel}","templated":true}]}}