{"id":51117,"date":"2024-09-09T08:48:33","date_gmt":"2024-09-09T08:48:33","guid":{"rendered":"https:\/\/www.multifrigo.pl\/sklep\/produkt\/wozek-na-kosze-do-zmywarek-asp700-bartscher-300147\/"},"modified":"2025-07-17T09:35:14","modified_gmt":"2025-07-17T09:35:14","slug":"wozek-na-kosze-do-zmywarek-asp700-bartscher-300147","status":"publish","type":"product","link":"https:\/\/www.multifrigo.pl\/sklep\/produkt\/wozek-na-kosze-do-zmywarek-asp700-bartscher-300147\/","title":{"rendered":"W\u00f3zek na kosze do zmywarek ASP700 | Bartscher 300147"},"content":{"rendered":"<p><b>W\u00f3zek na kosze do zmywarek ASP700<\/b><\/p>\n<p>W\u00f3zek na kosze do zmywarek \u2013 dzi\u0119ki 7 parom prowadnic i mo\u017cliwo\u015bci obustronnego za\u0142adunku \u2013 oferuje du\u017co miejsca do sk\u0142adowania na niewielkiej przestrzeni, gdy zamierzamy przechowa\u0107 lub opr\u00f3\u017cni\u0107 kosze. Specjalna blokada zapobiega przesuwaniu, przewr\u00f3ceniu lub wypadni\u0119ciu koszy do zmywarek.<\/p><\/p>\n","protected":false},"excerpt":{"rendered":"<p>W\u00f3zek na kosze do zmywarek ASP700 W\u00f3zek na kosze do zmywarek \u2013 dzi\u0119ki 7 parom prowadnic i mo\u017cliwo\u015bci obustronnego za\u0142adunku \u2013 oferuje du\u017co miejsca do sk\u0142adowania na niewielkiej przestrzeni, gdy zamierzamy przechowa\u0107 lub opr\u00f3\u017cni\u0107 kosze. Specjalna blokada zapobiega przesuwaniu, przewr\u00f3ceniu lub wypadni\u0119ciu koszy do zmywarek.<\/p>\n","protected":false},"featured_media":56596,"template":"","meta":{"_et_pb_use_builder":"","_et_pb_old_content":"","_et_gb_content_width":""},"pwb-brand":[1577],"product_brand":[],"product_cat":[630],"product_tag":[],"class_list":{"0":"post-51117","1":"product","2":"type-product","3":"status-publish","4":"has-post-thumbnail","6":"pwb-brand-bartscher","7":"product_cat-pozostale-wozki","9":"first","10":"instock","11":"taxable","12":"shipping-taxable","13":"purchasable","14":"product-type-simple"},"brands":[{"id":1577,"name":"Bartscher","slug":"bartscher"}],"_links":{"self":[{"href":"https:\/\/www.multifrigo.pl\/sklep\/wp-json\/wp\/v2\/product\/51117","targetHints":{"allow":["GET"]}}],"collection":[{"href":"https:\/\/www.multifrigo.pl\/sklep\/wp-json\/wp\/v2\/product"}],"about":[{"href":"https:\/\/www.multifrigo.pl\/sklep\/wp-json\/wp\/v2\/types\/product"}],"wp:featuredmedia":[{"embeddable":true,"href":"https:\/\/www.multifrigo.pl\/sklep\/wp-json\/wp\/v2\/media\/56596"}],"wp:attachment":[{"href":"https:\/\/www.multifrigo.pl\/sklep\/wp-json\/wp\/v2\/media?parent=51117"}],"wp:term":[{"taxonomy":"pwb-brand","embeddable":true,"href":"https:\/\/www.multifrigo.pl\/sklep\/wp-json\/wp\/v2\/pwb-brand?post=51117"},{"taxonomy":"product_brand","embeddable":true,"href":"https:\/\/www.multifrigo.pl\/sklep\/wp-json\/wp\/v2\/product_brand?post=51117"},{"taxonomy":"product_cat","embeddable":true,"href":"https:\/\/www.multifrigo.pl\/sklep\/wp-json\/wp\/v2\/product_cat?post=51117"},{"taxonomy":"product_tag","embeddable":true,"href":"https:\/\/www.multifrigo.pl\/sklep\/wp-json\/wp\/v2\/product_tag?post=51117"}],"curies":[{"name":"wp","href":"https:\/\/api.w.org\/{rel}","templated":true}]}}