{"id":51125,"date":"2024-09-09T08:48:58","date_gmt":"2024-09-09T08:48:58","guid":{"rendered":"https:\/\/www.multifrigo.pl\/sklep\/produkt\/wozek-na-sztucce-tbst200-bartscher-a300111\/"},"modified":"2025-07-17T10:05:11","modified_gmt":"2025-07-17T10:05:11","slug":"wozek-na-sztucce-tbst200-bartscher-a300111","status":"publish","type":"product","link":"https:\/\/www.multifrigo.pl\/sklep\/produkt\/wozek-na-sztucce-tbst200-bartscher-a300111\/","title":{"rendered":"W\u00f3zek na sztu\u0107ce TBST200 | Bartscher A300111"},"content":{"rendered":"<p><b>W\u00f3zek na sztu\u0107ce TBST200<\/b><\/p>\n<p>W kuchni lub w serwisie \u2013 w\u00f3zek na sztu\u0107ce u\u0142atwia tok prac w r\u00f3\u017cnych obszarach. Sztu\u0107ce zajmuj\u0105 niewiele miejsca, s\u0105 dobrze posortowane i przechowywane \u2013 praktycznie i w spos\u00f3b zapewniaj\u0105cy wygod\u0119 u\u017cytkownikowi i niestanowi\u0105cy obci\u0105\u017cenia dla jego plec\u00f3w podczas obs\u0142ugi. Nakrycie sto\u0142\u00f3w i sprz\u0105tanie przebiega szybciej i \u0142atwiej dzi\u0119ki wykorzystaniu mobilnych w\u0142a\u015bciwo\u015bci w\u00f3zka na sztu\u0107ce.<\/p><\/p>\n","protected":false},"excerpt":{"rendered":"<p>W\u00f3zek na sztu\u0107ce TBST200 W kuchni lub w serwisie \u2013 w\u00f3zek na sztu\u0107ce u\u0142atwia tok prac w r\u00f3\u017cnych obszarach. Sztu\u0107ce zajmuj\u0105 niewiele miejsca, s\u0105 dobrze posortowane i przechowywane \u2013 praktycznie i w spos\u00f3b zapewniaj\u0105cy wygod\u0119 u\u017cytkownikowi i niestanowi\u0105cy obci\u0105\u017cenia dla jego plec\u00f3w podczas obs\u0142ugi. Nakrycie sto\u0142\u00f3w i sprz\u0105tanie przebiega szybciej i \u0142atwiej dzi\u0119ki wykorzystaniu mobilnych [&hellip;]<\/p>\n","protected":false},"featured_media":56604,"template":"","meta":{"_et_pb_use_builder":"","_et_pb_old_content":"","_et_gb_content_width":""},"pwb-brand":[1577],"product_brand":[],"product_cat":[630],"product_tag":[],"class_list":{"0":"post-51125","1":"product","2":"type-product","3":"status-publish","4":"has-post-thumbnail","6":"pwb-brand-bartscher","7":"product_cat-pozostale-wozki","9":"first","10":"instock","11":"taxable","12":"shipping-taxable","13":"purchasable","14":"product-type-simple"},"brands":[{"id":1577,"name":"Bartscher","slug":"bartscher"}],"_links":{"self":[{"href":"https:\/\/www.multifrigo.pl\/sklep\/wp-json\/wp\/v2\/product\/51125","targetHints":{"allow":["GET"]}}],"collection":[{"href":"https:\/\/www.multifrigo.pl\/sklep\/wp-json\/wp\/v2\/product"}],"about":[{"href":"https:\/\/www.multifrigo.pl\/sklep\/wp-json\/wp\/v2\/types\/product"}],"wp:featuredmedia":[{"embeddable":true,"href":"https:\/\/www.multifrigo.pl\/sklep\/wp-json\/wp\/v2\/media\/56604"}],"wp:attachment":[{"href":"https:\/\/www.multifrigo.pl\/sklep\/wp-json\/wp\/v2\/media?parent=51125"}],"wp:term":[{"taxonomy":"pwb-brand","embeddable":true,"href":"https:\/\/www.multifrigo.pl\/sklep\/wp-json\/wp\/v2\/pwb-brand?post=51125"},{"taxonomy":"product_brand","embeddable":true,"href":"https:\/\/www.multifrigo.pl\/sklep\/wp-json\/wp\/v2\/product_brand?post=51125"},{"taxonomy":"product_cat","embeddable":true,"href":"https:\/\/www.multifrigo.pl\/sklep\/wp-json\/wp\/v2\/product_cat?post=51125"},{"taxonomy":"product_tag","embeddable":true,"href":"https:\/\/www.multifrigo.pl\/sklep\/wp-json\/wp\/v2\/product_tag?post=51125"}],"curies":[{"name":"wp","href":"https:\/\/api.w.org\/{rel}","templated":true}]}}