{"id":51159,"date":"2024-09-09T08:50:38","date_gmt":"2024-09-09T08:50:38","guid":{"rendered":"https:\/\/www.multifrigo.pl\/sklep\/produkt\/zamrazarka-1400-gn211-bartscher-700706\/"},"modified":"2025-07-17T09:48:49","modified_gmt":"2025-07-17T09:48:49","slug":"zamrazarka-1400-gn211-bartscher-700706","status":"publish","type":"product","link":"https:\/\/www.multifrigo.pl\/sklep\/produkt\/zamrazarka-1400-gn211-bartscher-700706\/","title":{"rendered":"Zamra\u017carka 1400 GN211 | Bartscher 700706"},"content":{"rendered":"<p><b>Zamra\u017carka 1400 GN211<\/b><\/p>\n<p>Dwudrzwiowa zamra\u017carka z prowadnicami w formacie 2\/1 GN, dzi\u0119ki pojemnemu wn\u0119trzu, jest w stanie pomie\u015bci\u0107 du\u017ce ilo\u015bci mro\u017conych produkt\u00f3w. Dzi\u0119ki dyskretnemu designowi doskonale wkomponuje si\u0119 w wystr\u00f3j ka\u017cdej kuchni.<\/p><\/p>\n","protected":false},"excerpt":{"rendered":"<p>Zamra\u017carka 1400 GN211 Dwudrzwiowa zamra\u017carka z prowadnicami w formacie 2\/1 GN, dzi\u0119ki pojemnemu wn\u0119trzu, jest w stanie pomie\u015bci\u0107 du\u017ce ilo\u015bci mro\u017conych produkt\u00f3w. Dzi\u0119ki dyskretnemu designowi doskonale wkomponuje si\u0119 w wystr\u00f3j ka\u017cdej kuchni.<\/p>\n","protected":false},"featured_media":56664,"template":"","meta":{"_et_pb_use_builder":"","_et_pb_old_content":"","_et_gb_content_width":""},"pwb-brand":[1577],"product_brand":[],"product_cat":[520],"product_tag":[],"class_list":{"0":"post-51159","1":"product","2":"type-product","3":"status-publish","4":"has-post-thumbnail","6":"pwb-brand-bartscher","7":"product_cat-szafy-mroznicze","9":"first","10":"instock","11":"taxable","12":"shipping-taxable","13":"purchasable","14":"product-type-simple"},"brands":[{"id":1577,"name":"Bartscher","slug":"bartscher"}],"_links":{"self":[{"href":"https:\/\/www.multifrigo.pl\/sklep\/wp-json\/wp\/v2\/product\/51159","targetHints":{"allow":["GET"]}}],"collection":[{"href":"https:\/\/www.multifrigo.pl\/sklep\/wp-json\/wp\/v2\/product"}],"about":[{"href":"https:\/\/www.multifrigo.pl\/sklep\/wp-json\/wp\/v2\/types\/product"}],"wp:featuredmedia":[{"embeddable":true,"href":"https:\/\/www.multifrigo.pl\/sklep\/wp-json\/wp\/v2\/media\/56664"}],"wp:attachment":[{"href":"https:\/\/www.multifrigo.pl\/sklep\/wp-json\/wp\/v2\/media?parent=51159"}],"wp:term":[{"taxonomy":"pwb-brand","embeddable":true,"href":"https:\/\/www.multifrigo.pl\/sklep\/wp-json\/wp\/v2\/pwb-brand?post=51159"},{"taxonomy":"product_brand","embeddable":true,"href":"https:\/\/www.multifrigo.pl\/sklep\/wp-json\/wp\/v2\/product_brand?post=51159"},{"taxonomy":"product_cat","embeddable":true,"href":"https:\/\/www.multifrigo.pl\/sklep\/wp-json\/wp\/v2\/product_cat?post=51159"},{"taxonomy":"product_tag","embeddable":true,"href":"https:\/\/www.multifrigo.pl\/sklep\/wp-json\/wp\/v2\/product_tag?post=51159"}],"curies":[{"name":"wp","href":"https:\/\/api.w.org\/{rel}","templated":true}]}}