{"id":51181,"date":"2024-09-09T08:51:47","date_gmt":"2024-09-09T08:51:47","guid":{"rendered":"https:\/\/www.multifrigo.pl\/sklep\/produkt\/zamrazarka-na-lody-300l-bartscher-700732\/"},"modified":"2025-07-17T09:48:56","modified_gmt":"2025-07-17T09:48:56","slug":"zamrazarka-na-lody-300l-bartscher-700732","status":"publish","type":"product","link":"https:\/\/www.multifrigo.pl\/sklep\/produkt\/zamrazarka-na-lody-300l-bartscher-700732\/","title":{"rendered":"Zamra\u017carka na lody 300L | Bartscher 700732"},"content":{"rendered":"<p><b>Zamra\u017carka na lody 300L<\/b><\/p>\n<p>Przy niej ka\u017cdy spontanicznie poczuje ochot\u0119 na lody \u2013 idealnie ustawiona w strefie kas w supermarkecie, na stacji benzynowej lub w sklepiku \u2013 zamra\u017carka na lody z o\u015bwietleniem LED i pojemno\u015bci\u0105 300 litr\u00f3w uwiedzie ka\u017cdego amatora lodowych pyszno\u015bci.<\/p><\/p>\n","protected":false},"excerpt":{"rendered":"<p>Zamra\u017carka na lody 300L Przy niej ka\u017cdy spontanicznie poczuje ochot\u0119 na lody \u2013 idealnie ustawiona w strefie kas w supermarkecie, na stacji benzynowej lub w sklepiku \u2013 zamra\u017carka na lody z o\u015bwietleniem LED i pojemno\u015bci\u0105 300 litr\u00f3w uwiedzie ka\u017cdego amatora lodowych pyszno\u015bci.<\/p>\n","protected":false},"featured_media":56691,"template":"","meta":{"_et_pb_use_builder":"","_et_pb_old_content":"","_et_gb_content_width":""},"pwb-brand":[1577],"product_brand":[],"product_cat":[540],"product_tag":[],"class_list":{"0":"post-51181","1":"product","2":"type-product","3":"status-publish","4":"has-post-thumbnail","6":"pwb-brand-bartscher","7":"product_cat-zamrazarki-skrzyniowe","9":"first","10":"instock","11":"taxable","12":"shipping-taxable","13":"purchasable","14":"product-type-simple"},"brands":[{"id":1577,"name":"Bartscher","slug":"bartscher"}],"_links":{"self":[{"href":"https:\/\/www.multifrigo.pl\/sklep\/wp-json\/wp\/v2\/product\/51181","targetHints":{"allow":["GET"]}}],"collection":[{"href":"https:\/\/www.multifrigo.pl\/sklep\/wp-json\/wp\/v2\/product"}],"about":[{"href":"https:\/\/www.multifrigo.pl\/sklep\/wp-json\/wp\/v2\/types\/product"}],"wp:featuredmedia":[{"embeddable":true,"href":"https:\/\/www.multifrigo.pl\/sklep\/wp-json\/wp\/v2\/media\/56691"}],"wp:attachment":[{"href":"https:\/\/www.multifrigo.pl\/sklep\/wp-json\/wp\/v2\/media?parent=51181"}],"wp:term":[{"taxonomy":"pwb-brand","embeddable":true,"href":"https:\/\/www.multifrigo.pl\/sklep\/wp-json\/wp\/v2\/pwb-brand?post=51181"},{"taxonomy":"product_brand","embeddable":true,"href":"https:\/\/www.multifrigo.pl\/sklep\/wp-json\/wp\/v2\/product_brand?post=51181"},{"taxonomy":"product_cat","embeddable":true,"href":"https:\/\/www.multifrigo.pl\/sklep\/wp-json\/wp\/v2\/product_cat?post=51181"},{"taxonomy":"product_tag","embeddable":true,"href":"https:\/\/www.multifrigo.pl\/sklep\/wp-json\/wp\/v2\/product_tag?post=51181"}],"curies":[{"name":"wp","href":"https:\/\/api.w.org\/{rel}","templated":true}]}}